{"id":16,"date":"2021-01-11T19:33:42","date_gmt":"2021-01-11T19:33:42","guid":{"rendered":"http:\/\/bohemiaopus.cz\/?page_id=16"},"modified":"2024-04-04T14:24:52","modified_gmt":"2024-04-04T14:24:52","slug":"o-nas","status":"publish","type":"page","link":"https:\/\/bohemiaopus.cz\/en\/o-nas\/","title":{"rendered":"About us"},"content":{"rendered":"<div data-elementor-type=\"wp-page\" data-elementor-id=\"16\" class=\"elementor elementor-16\">\n\t\t\t\t\t\t<section class=\"elementor-section elementor-top-section elementor-element elementor-element-55150394 elementor-section-boxed elementor-section-height-default elementor-section-height-default\" data-id=\"55150394\" data-element_type=\"section\">\n\t\t\t\t\t\t<div class=\"elementor-container elementor-column-gap-default\">\n\t\t\t\t\t<div class=\"elementor-column elementor-col-100 elementor-top-column elementor-element elementor-element-100bae7a\" data-id=\"100bae7a\" data-element_type=\"column\">\n\t\t\t<div class=\"elementor-widget-wrap elementor-element-populated\">\n\t\t\t\t\t\t<div class=\"elementor-element elementor-element-1adedb4c elementor-widget elementor-widget-text-editor\" data-id=\"1adedb4c\" data-element_type=\"widget\" data-widget_type=\"text-editor.default\">\n\t\t\t\t<div class=\"elementor-widget-container\">\n\t\t\t\t\t\t\t\t\t<p><\/p>\n<h4 class=\"wp-block-heading\"><strong><em>About us<\/em><\/strong><\/h4>\n<p><\/p>\n<p><\/p>\n<h4 class=\"wp-block-heading\"><mark class=\"has-inline-color\" style=\"background-color: rgba(0, 0, 0, 0); color: #4d6d9a;\"><strong><em>Bohemia Opus - Kennel Bedlington terrier FCI<\/em><\/strong><\/mark><\/h4>\n<p><\/p>\n<p><\/p>\n<p class=\"has-black-color has-text-color\">V\u00a0roce 1997 jsme za\u010dali chovat foxteri\u00e9ra drsnosrst\u00e9ho.\u00a0 Abychom mohli chovat\u00a0 s\u00a0pr\u016fkazem p\u016fvodu, po\u017e\u00e1dali jsme o mezin\u00e1rodn\u011b chr\u00e1n\u011bnou chovatelskou stanici FCI. Na\u0161e chovatelsk\u00e1 stanice BOHEMIA OPUS vznikla ji\u017e 25.2.1999 s registra\u010dn\u00edm \u010d\u00edslem 190\/99. Po n\u011bjak\u00e9 dob\u011b jsme se setkali se super pan\u00ed zku\u0161enou chovatelkou nejen foxteri\u00e9r\u016f s Evou Let\u00e1\u010dkovou. Pan\u00ed Eva Let\u00e1\u010dkov\u00e1 je dlouh\u00e1 l\u00e9ta tak\u00e9 matrik\u00e1\u0159kou klubu foxteri\u00e9r\u016f a velmi zn\u00e1mou a uzn\u00e1vanou rozhod\u010d\u00ed ps\u016f FCI. Tato skv\u011bl\u00e1 pan\u00ed n\u00e1m trp\u011bliv\u011b uk\u00e1zala, jak se trimuje foxteri\u00e9r a dala n\u00e1m mnoho rad do za\u010d\u00e1tku. St\u00e1le na setk\u00e1n\u00ed s pan\u00ed Let\u00e1\u010dkovou r\u00e1di vzpom\u00edn\u00e1me. Po narozen\u00ed na\u0161\u00ed dcery a pro jej\u00ed silnou alergii na srst jsme museli n\u00e1\u0161 chov na mnoho let p\u0159eru\u0161it. \u00a0<\/p>\n<p><\/p>\n<p><\/p>\n<figure class=\"wp-block-gallery has-nested-images columns-2 is-cropped wp-block-gallery-4 is-layout-flex wp-block-gallery-is-layout-flex\">\n<p>\u00a0<\/p>\n<figure class=\"wp-block-image size-large\"><img fetchpriority=\"high\" decoding=\"async\" width=\"700\" height=\"525\" data-id=\"255\" class=\"wp-image-255\" src=\"http:\/\/bohemiaopus.cz\/wp-content\/uploads\/2021\/01\/Foxterier-stene.jpg\" alt=\"\" srcset=\"https:\/\/bohemiaopus.cz\/wp-content\/uploads\/2021\/01\/Foxterier-stene.jpg 700w, https:\/\/bohemiaopus.cz\/wp-content\/uploads\/2021\/01\/Foxterier-stene-300x225.jpg 300w\" sizes=\"(max-width: 700px) 100vw, 700px\" \/><\/figure>\n<p><\/p>\n<p><\/p>\n<figure class=\"wp-block-image size-large\"><img decoding=\"async\" width=\"700\" height=\"525\" data-id=\"256\" class=\"wp-image-256\" src=\"http:\/\/bohemiaopus.cz\/wp-content\/uploads\/2021\/01\/Foxterier-stene-1.jpg\" alt=\"\" srcset=\"https:\/\/bohemiaopus.cz\/wp-content\/uploads\/2021\/01\/Foxterier-stene-1.jpg 700w, https:\/\/bohemiaopus.cz\/wp-content\/uploads\/2021\/01\/Foxterier-stene-1-300x225.jpg 300w\" sizes=\"(max-width: 700px) 100vw, 700px\" \/><\/figure>\n<p><\/p>\n<\/figure>\n<p><\/p>\n<p><\/p>\n<p class=\"has-black-color has-text-color\">Za dal\u0161\u00edch p\u00e1r let a po diskuz\u00edch s\u00a0p\u0159\u00e1teli jsme v\u00a0roce 2016 za\u010dali sledovat vhodn\u00e1 plemena pro alergick\u00e9 d\u011bti.<\/p>\n<p><\/p>\n<p><\/p>\n<p class=\"has-black-color has-text-color\">Zaujalo n\u00e1s plemeno bedlington teri\u00e9r i pro alergiky, ale tro\u0161ku jsme se ob\u00e1vali povahy, co o nich p\u00ed\u0161ou na internetu jako vlk p\u0159evle\u010den\u00fd v\u00a0ov\u010d\u00ed rou\u0161e a fotek hrbat\u00e9ho psa. Dnes v\u00edme, \u017ee povahu maj\u00ed bo\u017eskou, roztomilou a \u00fa\u017easnou, pokud maj\u00ed dostate\u010dnou p\u00e9\u010di. Z\u00a0na\u0161\u00ed zku\u0161enosti se v\u00fdstavn\u00ed hrb u mlad\u00e9ho psa dos\u00e1hne v\u00edce m\u00e9n\u011b n\u00e1ro\u010dnou \u00fapravou.<\/p>\n<p><\/p>\n<p><\/p>\n<figure class=\"wp-block-gallery has-nested-images columns-default is-cropped wp-block-gallery-5 is-layout-flex wp-block-gallery-is-layout-flex\">\n<p>\u00a0<\/p>\n<figure class=\"wp-block-image size-large\"><img decoding=\"async\" width=\"700\" height=\"420\" data-id=\"257\" class=\"wp-image-257\" src=\"http:\/\/bohemiaopus.cz\/wp-content\/uploads\/2021\/01\/JT-stene.jpg\" alt=\"\" srcset=\"https:\/\/bohemiaopus.cz\/wp-content\/uploads\/2021\/01\/JT-stene.jpg 700w, https:\/\/bohemiaopus.cz\/wp-content\/uploads\/2021\/01\/JT-stene-300x180.jpg 300w\" sizes=\"(max-width: 700px) 100vw, 700px\" \/>\n<p>\u00a0<\/p>\n<figcaption>Little Jezinka and Tom\u00edsek<\/figcaption>\n<\/figure>\n<p><\/p>\n<p><\/p>\n<figure class=\"wp-block-image size-large\"><img loading=\"lazy\" decoding=\"async\" width=\"450\" height=\"338\" data-id=\"458\" class=\"wp-image-458\" src=\"https:\/\/bohemiaopus.cz\/wp-content\/uploads\/2021\/01\/Jezinka-spinka-v-pelisku-stene-1.jpg\" alt=\"\" srcset=\"https:\/\/bohemiaopus.cz\/wp-content\/uploads\/2021\/01\/Jezinka-spinka-v-pelisku-stene-1.jpg 450w, https:\/\/bohemiaopus.cz\/wp-content\/uploads\/2021\/01\/Jezinka-spinka-v-pelisku-stene-1-300x225.jpg 300w, https:\/\/bohemiaopus.cz\/wp-content\/uploads\/2021\/01\/Jezinka-spinka-v-pelisku-stene-1-16x12.jpg 16w\" sizes=\"(max-width: 450px) 100vw, 450px\" \/>\n<p>\u00a0<\/p>\n<figcaption>Photo on the day we brought Jezi\u010dka 16.1.2017<\/figcaption>\n<\/figure>\n<p><\/p>\n<\/figure>\n<p><\/p>\n<p><\/p>\n<p class=\"has-black-color has-text-color\">Chovem bedlington teri\u00e9r\u016f se zab\u00fdv\u00e1me ode dne, kdy jsme si dom\u016f p\u0159ivezli na\u0161\u00ed\u00a0 hol\u010di\u010dku, kter\u00e9 \u0159\u00edk\u00e1me Jezinka. P\u0159i koupi jsme p\u0159isl\u00edbili, \u017ee se pokus\u00edme \u00fa\u010dastnit ps\u00edch v\u00fdstav. V\u016fbec jsme nem\u011bli tu\u0161en\u00ed, co v\u0161echno to obn\u00e1\u0161\u00ed. Jak spr\u00e1vn\u011b upravit bedlingtona, a je\u0161t\u011b k\u00a0tomu na v\u00fdstavu. Proto\u017ee nem\u011bli zku\u0161enost ani mnoz\u00ed v\u00a0nejbli\u017e\u0161\u00edch ps\u00edch sal\u00f3nech asi z\u00a0d\u016fvod\u016f, \u017ee je bedlou\u0161k\u016f v\u00a0na\u0161\u00ed republice opravdu m\u00e1lo, za\u010dali jsme s\u00a0man\u017eelem koupat a st\u0159\u00edhat na\u0161i Jezinku sami, a to pokus omyl.\u00a0<span style=\"font-family: var( --e-global-typography-text-font-family ), Sans-serif; font-weight: var( --e-global-typography-text-font-weight );\">V\u00a0sou\u010dasn\u00e9 dob\u011b m\u00e1me dv\u011b hol\u010di\u010dky bedlington teri\u00e9ra. Prvn\u00ed, jak jsme ji\u017e zm\u00ednili Jezinku\u00a0 a Annie\u00a0 (Ani\u010dka).<\/span><\/p>\n<p><\/p>\n<p><\/p>\n<figure class=\"wp-block-gallery has-nested-images columns-default is-cropped wp-block-gallery-6 is-layout-flex wp-block-gallery-is-layout-flex\">\n<p>\u00a0<\/p>\n<figure class=\"wp-block-image size-large\"><img loading=\"lazy\" decoding=\"async\" width=\"768\" height=\"621\" data-id=\"487\" class=\"wp-image-487\" src=\"https:\/\/bohemiaopus.cz\/wp-content\/uploads\/2021\/01\/Slovensko-2.jpg\" alt=\"\" srcset=\"https:\/\/bohemiaopus.cz\/wp-content\/uploads\/2021\/01\/Slovensko-2.jpg 768w, https:\/\/bohemiaopus.cz\/wp-content\/uploads\/2021\/01\/Slovensko-2-300x243.jpg 300w, https:\/\/bohemiaopus.cz\/wp-content\/uploads\/2021\/01\/Slovensko-2-16x12.jpg 16w\" sizes=\"(max-width: 768px) 100vw, 768px\" \/><\/figure>\n<p><\/p>\n<p><\/p>\n<figure class=\"wp-block-image size-large\"><img loading=\"lazy\" decoding=\"async\" width=\"626\" height=\"891\" data-id=\"492\" class=\"wp-image-492\" src=\"https:\/\/bohemiaopus.cz\/wp-content\/uploads\/2021\/01\/Annie-zadek-park.jpg\" alt=\"\" srcset=\"https:\/\/bohemiaopus.cz\/wp-content\/uploads\/2021\/01\/Annie-zadek-park.jpg 626w, https:\/\/bohemiaopus.cz\/wp-content\/uploads\/2021\/01\/Annie-zadek-park-211x300.jpg 211w, https:\/\/bohemiaopus.cz\/wp-content\/uploads\/2021\/01\/Annie-zadek-park-8x12.jpg 8w\" sizes=\"(max-width: 626px) 100vw, 626px\" \/><\/figure>\n<p><\/p>\n<p><\/p>\n<figure class=\"wp-block-image size-large\"><img loading=\"lazy\" decoding=\"async\" width=\"1024\" height=\"793\" data-id=\"493\" class=\"wp-image-493\" src=\"https:\/\/bohemiaopus.cz\/wp-content\/uploads\/2021\/01\/ANNIE-v-parku-1.jpg-1-1-1024x793.jpg\" alt=\"\" srcset=\"https:\/\/bohemiaopus.cz\/wp-content\/uploads\/2021\/01\/ANNIE-v-parku-1.jpg-1-1-1024x793.jpg 1024w, https:\/\/bohemiaopus.cz\/wp-content\/uploads\/2021\/01\/ANNIE-v-parku-1.jpg-1-1-300x232.jpg 300w, https:\/\/bohemiaopus.cz\/wp-content\/uploads\/2021\/01\/ANNIE-v-parku-1.jpg-1-1-768x595.jpg 768w, https:\/\/bohemiaopus.cz\/wp-content\/uploads\/2021\/01\/ANNIE-v-parku-1.jpg-1-1-16x12.jpg 16w, https:\/\/bohemiaopus.cz\/wp-content\/uploads\/2021\/01\/ANNIE-v-parku-1.jpg-1-1.jpg 1150w\" sizes=\"(max-width: 1024px) 100vw, 1024px\" \/><\/figure>\n<p><\/p>\n<figcaption class=\"blocks-gallery-caption\">Our ladies Jezinka and Annie<\/figcaption>\n<\/figure>\n<p><\/p>\n<p><\/p>\n<p><\/p>\n<p><\/p>\n<h4 class=\"has-background wp-block-heading\" style=\"background-color: #99ced3;\"><strong><em>Pro\u010d jsme si vybrali bedlington teri\u00e9ra?<\/em><\/strong><\/h4>\n<p><\/p>\n<p><\/p>\n<ul class=\"wp-block-list\">\n<li>Po dlouh\u00e9 dob\u011b bez pejska jsme za\u010dali pokukovat po vhodn\u00e9m plemeni. P\u0159edev\u0161\u00edm n\u00e1s zaujalo kv\u016fli na\u0161im atopick\u00fdm a skoro na v\u0161e alergick\u00fdm d\u011btem, \u017ee je to pes pro alergiky a v\u016fbec nel\u00edn\u00e1. \u0160koda, \u017ee jsme na toto \u00fa\u017easn\u00e9 plemeno nep\u0159i\u0161li d\u0159\u00edv.<\/li>\n<li>Next, the decisive size was that it was neither small (so we wouldn't step on it) nor large, just right for us. Beautiful eyes and the appearance of a sheep, but of course without a thorough adjustment it looks a little different.<\/li>\n<li>P\u0159ekvapilo n\u00e1s, jak slo\u017eit\u00e9 je je\u0161t\u011b v\u00a0na\u0161\u00ed republice v\u00a0roce 2016\u20132017 sehnat \u0161t\u011bn\u011b bedlington teri\u00e9ra. Na na\u0161e \u0161t\u011b\u0148\u00e1tko (bedlinku \u2013 na\u0161\u00ed prvn\u00ed l\u00e1sku) jsme \u010dekali asi p\u011bt m\u011bs\u00edc\u016f.<\/li>\n<li>Velk\u00fdm p\u0159ekvapen\u00edm bylo, \u017ee kdy\u017e jsme na\u0161i Jezinku cht\u011bli nakr\u00fdt v roce 2019, tak jsme v\u00a0t\u00e9to dob\u011b v na\u0161\u00ed zemi nena\u0161li vhodn\u00fd v\u00fdb\u011br.<\/li>\n<li>Na\u0161\u00edm c\u00edlem bylo\u00a0 zlep\u0161it zdrav\u00fd chov, pokud mo\u017eno zahrani\u010dn\u00edm kryt\u00edm a rodi\u010di, kte\u0159\u00ed maj\u00ed proveden\u00e9 testy na m\u011bdnou toxik\u00f3zu zapsan\u00e9 v\u00a0PP. Vynasna\u017e\u00edme se udr\u017eet zdrav\u00fd chov na \u00farovni vhodn\u00fdm v\u00fdb\u011brem a spr\u00e1vnou socializac\u00ed. I kdy\u017e jak v\u0161ichni v\u00edme, nez\u00e1le\u017e\u00ed jen na finan\u010dn\u00edch prost\u0159edc\u00edch ale i na p\u0159\u00edrod\u011b.\u00a0<\/li>\n<\/ul>\n<p><\/p>\n<p><\/p>\n<div class=\"wp-block-image is-style-rounded\">\n<figure class=\"aligncenter size-large is-resized\"><img loading=\"lazy\" decoding=\"async\" class=\"wp-image-460\" src=\"https:\/\/bohemiaopus.cz\/wp-content\/uploads\/2021\/01\/vrh-a-6mimca-1-1024x872.jpg\" alt=\"\" width=\"442\" height=\"376\" srcset=\"https:\/\/bohemiaopus.cz\/wp-content\/uploads\/2021\/01\/vrh-a-6mimca-1-1024x872.jpg 1024w, https:\/\/bohemiaopus.cz\/wp-content\/uploads\/2021\/01\/vrh-a-6mimca-1-300x255.jpg 300w, https:\/\/bohemiaopus.cz\/wp-content\/uploads\/2021\/01\/vrh-a-6mimca-1-768x654.jpg 768w, https:\/\/bohemiaopus.cz\/wp-content\/uploads\/2021\/01\/vrh-a-6mimca-1-1536x1307.jpg 1536w, https:\/\/bohemiaopus.cz\/wp-content\/uploads\/2021\/01\/vrh-a-6mimca-1-2048x1743.jpg 2048w, https:\/\/bohemiaopus.cz\/wp-content\/uploads\/2021\/01\/vrh-a-6mimca-1-14x12.jpg 14w\" sizes=\"(max-width: 442px) 100vw, 442px\" \/><\/figure>\n<\/div>\n<p><\/p>\n<p><\/p>\n<p class=\"has-black-color has-text-color has-background\" style=\"background-color: #99ced3;\">Na povaze ka\u017ed\u00e9ho pejska je t\u0159eba pracovat ji\u017e p\u0159i v\u00fdb\u011bru povahov\u011b vhodn\u00fdch rodi\u010d\u016f a p\u0159edev\u0161\u00edm l\u00e1skou, kterou jim je chovatel schopn\u00fd v\u011bnovat ve\u0161ker\u00fdm sv\u00fdm voln\u00fdm \u010dasem. Tedy nejl\u00e9pe pokud to jen trochu jde 24 hodin denn\u011b.<\/p>\n<p><\/p>\t\t\t\t\t\t\t\t<\/div>\n\t\t\t\t<\/div>\n\t\t\t\t\t<\/div>\n\t\t<\/div>\n\t\t\t\t\t<\/div>\n\t\t<\/section>\n\t\t\t\t<\/div>\n\t\t<h3>Souvisej\u00edc\u00ed obr\u00e1zky:<\/h3>","protected":false},"excerpt":{"rendered":"<p>O n\u00e1s Bohemia Opus &#8211; Chovatelsk\u00e1 stanice bedlington teri\u00e9r FCI V\u00a0roce 1997 jsme za\u010dali chovat [&hellip;]<\/p>","protected":false},"author":1,"featured_media":0,"parent":0,"menu_order":0,"comment_status":"closed","ping_status":"closed","template":"","meta":{"ngg_post_thumbnail":0,"footnotes":""},"class_list":["post-16","page","type-page","status-publish","hentry"],"yoast_head":"<!-- This site is optimized with the Yoast SEO plugin v25.6 - https:\/\/yoast.com\/wordpress\/plugins\/seo\/ -->\n<title>O n\u00e1s - Bohemia Opus<\/title>\n<meta name=\"robots\" content=\"index, follow, max-snippet:-1, max-image-preview:large, max-video-preview:-1\" \/>\n<link rel=\"canonical\" href=\"https:\/\/bohemiaopus.cz\/en\/o-nas\/\" \/>\n<meta property=\"og:locale\" content=\"en_GB\" \/>\n<meta property=\"og:type\" content=\"article\" \/>\n<meta property=\"og:title\" content=\"O n\u00e1s - Bohemia Opus\" \/>\n<meta property=\"og:description\" content=\"O n\u00e1s Bohemia Opus &#8211; Chovatelsk\u00e1 stanice bedlington teri\u00e9r FCI V\u00a0roce 1997 jsme za\u010dali chovat [&hellip;]\" \/>\n<meta property=\"og:url\" content=\"https:\/\/bohemiaopus.cz\/en\/o-nas\/\" \/>\n<meta property=\"og:site_name\" content=\"Bohemia Opus\" \/>\n<meta property=\"article:publisher\" content=\"https:\/\/www.facebook.com\/marcela.pobudova\/\" \/>\n<meta property=\"article:modified_time\" content=\"2024-04-04T14:24:52+00:00\" \/>\n<meta property=\"og:image\" content=\"http:\/\/bohemiaopus.cz\/wp-content\/uploads\/2021\/01\/Foxterier-stene.jpg\" \/>\n<meta name=\"twitter:card\" content=\"summary_large_image\" \/>\n<meta name=\"twitter:label1\" content=\"Estimated reading time\" \/>\n\t<meta name=\"twitter:data1\" content=\"5 minutes\" \/>\n<script type=\"application\/ld+json\" class=\"yoast-schema-graph\">{\"@context\":\"https:\/\/schema.org\",\"@graph\":[{\"@type\":\"WebPage\",\"@id\":\"https:\/\/bohemiaopus.cz\/o-nas\/\",\"url\":\"https:\/\/bohemiaopus.cz\/o-nas\/\",\"name\":\"O n\u00e1s - Bohemia Opus\",\"isPartOf\":{\"@id\":\"https:\/\/bohemiaopus.cz\/#website\"},\"primaryImageOfPage\":{\"@id\":\"https:\/\/bohemiaopus.cz\/o-nas\/#primaryimage\"},\"image\":{\"@id\":\"https:\/\/bohemiaopus.cz\/o-nas\/#primaryimage\"},\"thumbnailUrl\":\"http:\/\/bohemiaopus.cz\/wp-content\/uploads\/2021\/01\/Foxterier-stene.jpg\",\"datePublished\":\"2021-01-11T19:33:42+00:00\",\"dateModified\":\"2024-04-04T14:24:52+00:00\",\"breadcrumb\":{\"@id\":\"https:\/\/bohemiaopus.cz\/o-nas\/#breadcrumb\"},\"inLanguage\":\"en-GB\",\"potentialAction\":[{\"@type\":\"ReadAction\",\"target\":[\"https:\/\/bohemiaopus.cz\/o-nas\/\"]}]},{\"@type\":\"ImageObject\",\"inLanguage\":\"en-GB\",\"@id\":\"https:\/\/bohemiaopus.cz\/o-nas\/#primaryimage\",\"url\":\"http:\/\/bohemiaopus.cz\/wp-content\/uploads\/2021\/01\/Foxterier-stene.jpg\",\"contentUrl\":\"http:\/\/bohemiaopus.cz\/wp-content\/uploads\/2021\/01\/Foxterier-stene.jpg\"},{\"@type\":\"BreadcrumbList\",\"@id\":\"https:\/\/bohemiaopus.cz\/o-nas\/#breadcrumb\",\"itemListElement\":[{\"@type\":\"ListItem\",\"position\":1,\"name\":\"Dom\u016f\",\"item\":\"https:\/\/bohemiaopus.cz\/\"},{\"@type\":\"ListItem\",\"position\":2,\"name\":\"O n\u00e1s\"}]},{\"@type\":\"WebSite\",\"@id\":\"https:\/\/bohemiaopus.cz\/#website\",\"url\":\"https:\/\/bohemiaopus.cz\/\",\"name\":\"CHS Bohemia Opus Bedlington Terrier\",\"description\":\"CHS bedlington teri\u00e9r FCI\",\"potentialAction\":[{\"@type\":\"SearchAction\",\"target\":{\"@type\":\"EntryPoint\",\"urlTemplate\":\"https:\/\/bohemiaopus.cz\/?s={search_term_string}\"},\"query-input\":{\"@type\":\"PropertyValueSpecification\",\"valueRequired\":true,\"valueName\":\"search_term_string\"}}],\"inLanguage\":\"en-GB\"}]}<\/script>\n<!-- \/ Yoast SEO plugin. -->","yoast_head_json":{"title":"O n\u00e1s - Bohemia Opus","robots":{"index":"index","follow":"follow","max-snippet":"max-snippet:-1","max-image-preview":"max-image-preview:large","max-video-preview":"max-video-preview:-1"},"canonical":"https:\/\/bohemiaopus.cz\/en\/o-nas\/","og_locale":"en_GB","og_type":"article","og_title":"O n\u00e1s - Bohemia Opus","og_description":"O n\u00e1s Bohemia Opus &#8211; Chovatelsk\u00e1 stanice bedlington teri\u00e9r FCI V\u00a0roce 1997 jsme za\u010dali chovat [&hellip;]","og_url":"https:\/\/bohemiaopus.cz\/en\/o-nas\/","og_site_name":"Bohemia Opus","article_publisher":"https:\/\/www.facebook.com\/marcela.pobudova\/","article_modified_time":"2024-04-04T14:24:52+00:00","og_image":[{"url":"http:\/\/bohemiaopus.cz\/wp-content\/uploads\/2021\/01\/Foxterier-stene.jpg","type":"","width":"","height":""}],"twitter_card":"summary_large_image","twitter_misc":{"Estimated reading time":"5 minutes"},"schema":{"@context":"https:\/\/schema.org","@graph":[{"@type":"WebPage","@id":"https:\/\/bohemiaopus.cz\/o-nas\/","url":"https:\/\/bohemiaopus.cz\/o-nas\/","name":"O n\u00e1s - Bohemia Opus","isPartOf":{"@id":"https:\/\/bohemiaopus.cz\/#website"},"primaryImageOfPage":{"@id":"https:\/\/bohemiaopus.cz\/o-nas\/#primaryimage"},"image":{"@id":"https:\/\/bohemiaopus.cz\/o-nas\/#primaryimage"},"thumbnailUrl":"http:\/\/bohemiaopus.cz\/wp-content\/uploads\/2021\/01\/Foxterier-stene.jpg","datePublished":"2021-01-11T19:33:42+00:00","dateModified":"2024-04-04T14:24:52+00:00","breadcrumb":{"@id":"https:\/\/bohemiaopus.cz\/o-nas\/#breadcrumb"},"inLanguage":"en-GB","potentialAction":[{"@type":"ReadAction","target":["https:\/\/bohemiaopus.cz\/o-nas\/"]}]},{"@type":"ImageObject","inLanguage":"en-GB","@id":"https:\/\/bohemiaopus.cz\/o-nas\/#primaryimage","url":"http:\/\/bohemiaopus.cz\/wp-content\/uploads\/2021\/01\/Foxterier-stene.jpg","contentUrl":"http:\/\/bohemiaopus.cz\/wp-content\/uploads\/2021\/01\/Foxterier-stene.jpg"},{"@type":"BreadcrumbList","@id":"https:\/\/bohemiaopus.cz\/o-nas\/#breadcrumb","itemListElement":[{"@type":"ListItem","position":1,"name":"Dom\u016f","item":"https:\/\/bohemiaopus.cz\/"},{"@type":"ListItem","position":2,"name":"O n\u00e1s"}]},{"@type":"WebSite","@id":"https:\/\/bohemiaopus.cz\/#website","url":"https:\/\/bohemiaopus.cz\/","name":"CHS Bohemia Opus Bedlington Terrier","description":"Bedlington Terrier kennel FCI","potentialAction":[{"@type":"SearchAction","target":{"@type":"EntryPoint","urlTemplate":"https:\/\/bohemiaopus.cz\/?s={search_term_string}"},"query-input":{"@type":"PropertyValueSpecification","valueRequired":true,"valueName":"search_term_string"}}],"inLanguage":"en-GB"}]}},"_links":{"self":[{"href":"https:\/\/bohemiaopus.cz\/en\/wp-json\/wp\/v2\/pages\/16","targetHints":{"allow":["GET"]}}],"collection":[{"href":"https:\/\/bohemiaopus.cz\/en\/wp-json\/wp\/v2\/pages"}],"about":[{"href":"https:\/\/bohemiaopus.cz\/en\/wp-json\/wp\/v2\/types\/page"}],"author":[{"embeddable":true,"href":"https:\/\/bohemiaopus.cz\/en\/wp-json\/wp\/v2\/users\/1"}],"replies":[{"embeddable":true,"href":"https:\/\/bohemiaopus.cz\/en\/wp-json\/wp\/v2\/comments?post=16"}],"version-history":[{"count":0,"href":"https:\/\/bohemiaopus.cz\/en\/wp-json\/wp\/v2\/pages\/16\/revisions"}],"wp:attachment":[{"href":"https:\/\/bohemiaopus.cz\/en\/wp-json\/wp\/v2\/media?parent=16"}],"curies":[{"name":"wp","href":"https:\/\/api.w.org\/{rel}","templated":true}]}}