{"id":18,"date":"2021-01-11T19:33:42","date_gmt":"2021-01-11T19:33:42","guid":{"rendered":"http:\/\/bohemiaopus.cz\/?page_id=18"},"modified":"2025-09-16T12:29:38","modified_gmt":"2025-09-16T12:29:38","slug":"stenata","status":"publish","type":"page","link":"https:\/\/bohemiaopus.cz\/en\/stenata\/","title":{"rendered":"Puppies"},"content":{"rendered":"<div data-elementor-type=\"wp-page\" data-elementor-id=\"18\" class=\"elementor elementor-18\">\n\t\t\t\t\t\t<section class=\"elementor-section elementor-top-section elementor-element elementor-element-78e97ca elementor-section-boxed elementor-section-height-default elementor-section-height-default\" data-id=\"78e97ca\" data-element_type=\"section\">\n\t\t\t\t\t\t<div class=\"elementor-container elementor-column-gap-default\">\n\t\t\t\t\t<div class=\"elementor-column elementor-col-100 elementor-top-column elementor-element elementor-element-33f466d\" data-id=\"33f466d\" data-element_type=\"column\">\n\t\t\t<div class=\"elementor-widget-wrap elementor-element-populated\">\n\t\t\t\t\t\t<div class=\"elementor-element elementor-element-28e9b45 elementor-widget elementor-widget-image\" data-id=\"28e9b45\" data-element_type=\"widget\" data-widget_type=\"image.default\">\n\t\t\t\t<div class=\"elementor-widget-container\">\n\t\t\t\t\t\t\t\t\t\t\t\t\t\t\t<img fetchpriority=\"high\" decoding=\"async\" width=\"640\" height=\"511\" src=\"https:\/\/bohemiaopus.cz\/wp-content\/uploads\/2025\/01\/Bedlington-letak-2024_2b-1-1024x817.png\" class=\"attachment-large size-large wp-image-5169\" alt=\"\" srcset=\"https:\/\/bohemiaopus.cz\/wp-content\/uploads\/2025\/01\/Bedlington-letak-2024_2b-1-1024x817.png 1024w, https:\/\/bohemiaopus.cz\/wp-content\/uploads\/2025\/01\/Bedlington-letak-2024_2b-1-300x239.png 300w, https:\/\/bohemiaopus.cz\/wp-content\/uploads\/2025\/01\/Bedlington-letak-2024_2b-1-768x613.png 768w, https:\/\/bohemiaopus.cz\/wp-content\/uploads\/2025\/01\/Bedlington-letak-2024_2b-1-1536x1226.png 1536w, https:\/\/bohemiaopus.cz\/wp-content\/uploads\/2025\/01\/Bedlington-letak-2024_2b-1-2048x1634.png 2048w, https:\/\/bohemiaopus.cz\/wp-content\/uploads\/2025\/01\/Bedlington-letak-2024_2b-1-15x12.png 15w\" sizes=\"(max-width: 640px) 100vw, 640px\" \/>\t\t\t\t\t\t\t\t\t\t\t\t\t\t\t<\/div>\n\t\t\t\t<\/div>\n\t\t\t\t\t<\/div>\n\t\t<\/div>\n\t\t\t\t\t<\/div>\n\t\t<\/section>\n\t\t\t\t<\/div>\n\t\t<h3>Souvisej\u00edc\u00ed obr\u00e1zky:<\/h3>","protected":false},"excerpt":{"rendered":"<p>Souvisej\u00edc\u00ed obr\u00e1zky:<\/p>","protected":false},"author":1,"featured_media":0,"parent":0,"menu_order":0,"comment_status":"closed","ping_status":"closed","template":"","meta":{"ngg_post_thumbnail":0,"footnotes":""},"class_list":["post-18","page","type-page","status-publish","hentry"],"yoast_head":"<!-- This site is optimized with the Yoast SEO plugin v25.6 - https:\/\/yoast.com\/wordpress\/plugins\/seo\/ -->\n<title>\u0160t\u011b\u0148ata - Bohemia Opus<\/title>\n<meta name=\"robots\" content=\"index, follow, max-snippet:-1, max-image-preview:large, max-video-preview:-1\" \/>\n<link rel=\"canonical\" href=\"https:\/\/bohemiaopus.cz\/en\/stenata\/\" \/>\n<meta property=\"og:locale\" content=\"en_GB\" \/>\n<meta property=\"og:type\" content=\"article\" \/>\n<meta property=\"og:title\" content=\"\u0160t\u011b\u0148ata - Bohemia Opus\" \/>\n<meta property=\"og:description\" content=\"Souvisej\u00edc\u00ed obr\u00e1zky:\" \/>\n<meta property=\"og:url\" content=\"https:\/\/bohemiaopus.cz\/en\/stenata\/\" \/>\n<meta property=\"og:site_name\" content=\"Bohemia Opus\" \/>\n<meta property=\"article:publisher\" content=\"https:\/\/www.facebook.com\/marcela.pobudova\/\" \/>\n<meta property=\"article:modified_time\" content=\"2025-09-16T12:29:38+00:00\" \/>\n<meta property=\"og:image\" content=\"https:\/\/bohemiaopus.cz\/wp-content\/uploads\/2025\/01\/Bedlington-letak-2024_2b-1-1024x817.png\" \/>\n\t<meta property=\"og:image:width\" content=\"1024\" \/>\n\t<meta property=\"og:image:height\" content=\"817\" \/>\n\t<meta property=\"og:image:type\" content=\"image\/png\" \/>\n<meta name=\"twitter:card\" content=\"summary_large_image\" \/>\n<meta name=\"twitter:label1\" content=\"Estimated reading time\" \/>\n\t<meta name=\"twitter:data1\" content=\"1 minute\" \/>\n<script type=\"application\/ld+json\" class=\"yoast-schema-graph\">{\"@context\":\"https:\/\/schema.org\",\"@graph\":[{\"@type\":\"WebPage\",\"@id\":\"https:\/\/bohemiaopus.cz\/stenata\/\",\"url\":\"https:\/\/bohemiaopus.cz\/stenata\/\",\"name\":\"\u0160t\u011b\u0148ata - Bohemia Opus\",\"isPartOf\":{\"@id\":\"https:\/\/bohemiaopus.cz\/#website\"},\"primaryImageOfPage\":{\"@id\":\"https:\/\/bohemiaopus.cz\/stenata\/#primaryimage\"},\"image\":{\"@id\":\"https:\/\/bohemiaopus.cz\/stenata\/#primaryimage\"},\"thumbnailUrl\":\"https:\/\/bohemiaopus.cz\/wp-content\/uploads\/2025\/01\/Bedlington-letak-2024_2b-1-1024x817.png\",\"datePublished\":\"2021-01-11T19:33:42+00:00\",\"dateModified\":\"2025-09-16T12:29:38+00:00\",\"breadcrumb\":{\"@id\":\"https:\/\/bohemiaopus.cz\/stenata\/#breadcrumb\"},\"inLanguage\":\"en-GB\",\"potentialAction\":[{\"@type\":\"ReadAction\",\"target\":[\"https:\/\/bohemiaopus.cz\/stenata\/\"]}]},{\"@type\":\"ImageObject\",\"inLanguage\":\"en-GB\",\"@id\":\"https:\/\/bohemiaopus.cz\/stenata\/#primaryimage\",\"url\":\"https:\/\/bohemiaopus.cz\/wp-content\/uploads\/2025\/01\/Bedlington-letak-2024_2b-1-1024x817.png\",\"contentUrl\":\"https:\/\/bohemiaopus.cz\/wp-content\/uploads\/2025\/01\/Bedlington-letak-2024_2b-1-1024x817.png\"},{\"@type\":\"BreadcrumbList\",\"@id\":\"https:\/\/bohemiaopus.cz\/stenata\/#breadcrumb\",\"itemListElement\":[{\"@type\":\"ListItem\",\"position\":1,\"name\":\"Dom\u016f\",\"item\":\"https:\/\/bohemiaopus.cz\/\"},{\"@type\":\"ListItem\",\"position\":2,\"name\":\"\u0160t\u011b\u0148ata\"}]},{\"@type\":\"WebSite\",\"@id\":\"https:\/\/bohemiaopus.cz\/#website\",\"url\":\"https:\/\/bohemiaopus.cz\/\",\"name\":\"CHS Bohemia Opus Bedlington Terrier\",\"description\":\"CHS bedlington teri\u00e9r FCI\",\"potentialAction\":[{\"@type\":\"SearchAction\",\"target\":{\"@type\":\"EntryPoint\",\"urlTemplate\":\"https:\/\/bohemiaopus.cz\/?s={search_term_string}\"},\"query-input\":{\"@type\":\"PropertyValueSpecification\",\"valueRequired\":true,\"valueName\":\"search_term_string\"}}],\"inLanguage\":\"en-GB\"}]}<\/script>\n<!-- \/ Yoast SEO plugin. -->","yoast_head_json":{"title":"\u0160t\u011b\u0148ata - Bohemia Opus","robots":{"index":"index","follow":"follow","max-snippet":"max-snippet:-1","max-image-preview":"max-image-preview:large","max-video-preview":"max-video-preview:-1"},"canonical":"https:\/\/bohemiaopus.cz\/en\/stenata\/","og_locale":"en_GB","og_type":"article","og_title":"\u0160t\u011b\u0148ata - Bohemia Opus","og_description":"Souvisej\u00edc\u00ed obr\u00e1zky:","og_url":"https:\/\/bohemiaopus.cz\/en\/stenata\/","og_site_name":"Bohemia Opus","article_publisher":"https:\/\/www.facebook.com\/marcela.pobudova\/","article_modified_time":"2025-09-16T12:29:38+00:00","og_image":[{"width":1024,"height":817,"url":"https:\/\/bohemiaopus.cz\/wp-content\/uploads\/2025\/01\/Bedlington-letak-2024_2b-1-1024x817.png","type":"image\/png"}],"twitter_card":"summary_large_image","twitter_misc":{"Estimated reading time":"1 minute"},"schema":{"@context":"https:\/\/schema.org","@graph":[{"@type":"WebPage","@id":"https:\/\/bohemiaopus.cz\/stenata\/","url":"https:\/\/bohemiaopus.cz\/stenata\/","name":"\u0160t\u011b\u0148ata - Bohemia Opus","isPartOf":{"@id":"https:\/\/bohemiaopus.cz\/#website"},"primaryImageOfPage":{"@id":"https:\/\/bohemiaopus.cz\/stenata\/#primaryimage"},"image":{"@id":"https:\/\/bohemiaopus.cz\/stenata\/#primaryimage"},"thumbnailUrl":"https:\/\/bohemiaopus.cz\/wp-content\/uploads\/2025\/01\/Bedlington-letak-2024_2b-1-1024x817.png","datePublished":"2021-01-11T19:33:42+00:00","dateModified":"2025-09-16T12:29:38+00:00","breadcrumb":{"@id":"https:\/\/bohemiaopus.cz\/stenata\/#breadcrumb"},"inLanguage":"en-GB","potentialAction":[{"@type":"ReadAction","target":["https:\/\/bohemiaopus.cz\/stenata\/"]}]},{"@type":"ImageObject","inLanguage":"en-GB","@id":"https:\/\/bohemiaopus.cz\/stenata\/#primaryimage","url":"https:\/\/bohemiaopus.cz\/wp-content\/uploads\/2025\/01\/Bedlington-letak-2024_2b-1-1024x817.png","contentUrl":"https:\/\/bohemiaopus.cz\/wp-content\/uploads\/2025\/01\/Bedlington-letak-2024_2b-1-1024x817.png"},{"@type":"BreadcrumbList","@id":"https:\/\/bohemiaopus.cz\/stenata\/#breadcrumb","itemListElement":[{"@type":"ListItem","position":1,"name":"Dom\u016f","item":"https:\/\/bohemiaopus.cz\/"},{"@type":"ListItem","position":2,"name":"\u0160t\u011b\u0148ata"}]},{"@type":"WebSite","@id":"https:\/\/bohemiaopus.cz\/#website","url":"https:\/\/bohemiaopus.cz\/","name":"CHS Bohemia Opus Bedlington Terrier","description":"Bedlington Terrier kennel FCI","potentialAction":[{"@type":"SearchAction","target":{"@type":"EntryPoint","urlTemplate":"https:\/\/bohemiaopus.cz\/?s={search_term_string}"},"query-input":{"@type":"PropertyValueSpecification","valueRequired":true,"valueName":"search_term_string"}}],"inLanguage":"en-GB"}]}},"_links":{"self":[{"href":"https:\/\/bohemiaopus.cz\/en\/wp-json\/wp\/v2\/pages\/18","targetHints":{"allow":["GET"]}}],"collection":[{"href":"https:\/\/bohemiaopus.cz\/en\/wp-json\/wp\/v2\/pages"}],"about":[{"href":"https:\/\/bohemiaopus.cz\/en\/wp-json\/wp\/v2\/types\/page"}],"author":[{"embeddable":true,"href":"https:\/\/bohemiaopus.cz\/en\/wp-json\/wp\/v2\/users\/1"}],"replies":[{"embeddable":true,"href":"https:\/\/bohemiaopus.cz\/en\/wp-json\/wp\/v2\/comments?post=18"}],"version-history":[{"count":0,"href":"https:\/\/bohemiaopus.cz\/en\/wp-json\/wp\/v2\/pages\/18\/revisions"}],"wp:attachment":[{"href":"https:\/\/bohemiaopus.cz\/en\/wp-json\/wp\/v2\/media?parent=18"}],"curies":[{"name":"wp","href":"https:\/\/api.w.org\/{rel}","templated":true}]}}