{"id":236,"date":"2021-01-16T18:38:57","date_gmt":"2021-01-16T18:38:57","guid":{"rendered":"http:\/\/bohemiaopus.cz\/?page_id=236"},"modified":"2024-04-05T18:18:37","modified_gmt":"2024-04-05T18:18:37","slug":"povaha-a-dalsi","status":"publish","type":"page","link":"https:\/\/bohemiaopus.cz\/en\/povaha-a-dalsi\/","title":{"rendered":"Nature and more"},"content":{"rendered":"<div data-elementor-type=\"wp-page\" data-elementor-id=\"236\" class=\"elementor elementor-236\">\n\t\t\t\t\t\t<section class=\"elementor-section elementor-top-section elementor-element elementor-element-19c4772e elementor-section-boxed elementor-section-height-default elementor-section-height-default\" data-id=\"19c4772e\" data-element_type=\"section\">\n\t\t\t\t\t\t<div class=\"elementor-container elementor-column-gap-default\">\n\t\t\t\t\t<div class=\"elementor-column elementor-col-100 elementor-top-column elementor-element elementor-element-e889ae6\" data-id=\"e889ae6\" data-element_type=\"column\">\n\t\t\t<div class=\"elementor-widget-wrap elementor-element-populated\">\n\t\t\t\t\t\t<div class=\"elementor-element elementor-element-dababce elementor-widget elementor-widget-text-editor\" data-id=\"dababce\" data-element_type=\"widget\" data-widget_type=\"text-editor.default\">\n\t\t\t\t<div class=\"elementor-widget-container\">\n\t\t\t\t\t\t\t\t\t<p><\/p>\n<p class=\"has-text-align-left has-text-color\" style=\"color: #4d6d9a; font-size: 20px;\"><em>Breeding station BOHEMIA OPUS bedlington terrier<\/em><\/p>\n<p><\/p>\n<p><\/p>\n<p><\/p>\n<p><\/p>\n<div class=\"wp-block-media-text alignwide is-stacked-on-mobile\" style=\"grid-template-columns: 31% auto;\">\n<figure class=\"wp-block-media-text__media\"><img fetchpriority=\"high\" decoding=\"async\" width=\"633\" height=\"891\" class=\"wp-image-286 size-full\" src=\"http:\/\/bohemiaopus.cz\/wp-content\/uploads\/2021\/01\/Annie-krasne-2-2.jpg\" alt=\"\" srcset=\"https:\/\/bohemiaopus.cz\/wp-content\/uploads\/2021\/01\/Annie-krasne-2-2.jpg 633w, https:\/\/bohemiaopus.cz\/wp-content\/uploads\/2021\/01\/Annie-krasne-2-2-213x300.jpg 213w\" sizes=\"(max-width: 633px) 100vw, 633px\" \/><\/figure>\n<div class=\"wp-block-media-text__content\">\n<p><\/p>\n<h4 class=\"wp-block-heading\"><strong><em>Breed description<\/em><\/strong><\/h4>\n<p><\/p>\n<p><\/p>\n<p>The Bedlington terrier is a medium height, graceful representative of the English terriers, with a typical backline and a movement reminiscent of a sheep in appearance. Nowadays, he acts more like a social dog.<\/p>\n<p><\/p>\n<p><\/p>\n<p>Bedlington teri\u00e9r je skv\u011bl\u00fd rodinn\u00fd pes chov\u00e1n v\u00a0byt\u011b nejl\u00e9pe se zahradou. Pro venkovn\u00ed chov je naprosto nevhodn\u00fd. Velmi vhodn\u00fd pro alergick\u00e9 lidi, nel\u00edn\u00e1!! Ka\u017ed\u00e9 dva a\u017e t\u0159i m\u011bs\u00edce je nutn\u00e1 \u00faprava srsti st\u0159ihem.\u00a0<\/p>\n<p><\/p>\n<p><\/p>\n<p>Bedlington je p\u0159\u00e1telsk\u00fd k\u00a0lidem a jemn\u00fd k\u00a0d\u011btem, hl\u00edd\u00e1 sv\u00e9 p\u00e1n\u00ed\u010dky a sv\u00e9 teritorium, pokud je to nezbytn\u011b nutn\u00e9. Dob\u0159e se cvi\u010d\u00ed, ani\u017e by ztratil n\u011bco z\u00a0teri\u00e9r\u016f.<\/p>\n<p><\/p>\n<p><\/p>\n<p>Jeho v\u00fd\u0161ka by m\u011bla b\u00fdt kolem 41 cm v\u00a0kohoutku a v\u00e1ha mezi 8\u201311 kg.<\/p>\n<p><\/p>\n<p><\/p>\n<p>Bedlington is perhaps the most elegant noble and noble breed among dogs and will never fail you. She has a great temperament, a cute look, a cheerful nature and an amazing ponytail. Suitable for all ages. He loves to walk and move.<\/p>\n<p><\/p>\n<p><\/p>\n<p>Terriers often live up to 16 years of age, so we want the new owners to be able to live with dignity in their family circle. Bedlingtons can only be nurtured with positive technology, otherwise they wouldn't be such wonderful creatures. Our crates come with us almost everywhere and on holiday.<\/p>\n<p><\/p>\n<\/div>\n<\/div>\n<p><\/p>\n<p><\/p>\n<h4 class=\"has-black-color has-text-color wp-block-heading\"><strong><em>Dog training<\/em><\/strong><\/h4>\n<p><\/p>\n<p><\/p>\n<p class=\"has-black-color has-text-color has-background\" style=\"background-color: #edb5bf;\">Nejlep\u0161\u00ed v\u00fdchova \u0161t\u011b\u0148at je p\u0159\u00edmo v\u00a0ob\u00fdvac\u00edm pokoji, kde jsou st\u0159edem pozornosti cel\u00e9 rodiny, pak budou zvykl\u00e9 na v\u0161echny mo\u017en\u00e9 zvuky vysava\u010de, robota v\u00a0kuchyni, televize, kocoura, d\u011bt\u00ed, \u2026<\/p>\n<p><\/p>\n<p><\/p>\n<p><br \/><img decoding=\"async\" width=\"668\" height=\"891\" class=\"wp-image-288\" style=\"color: var( --e-global-color-text ); font-family: var( --e-global-typography-text-font-family ), Sans-serif; font-weight: var( --e-global-typography-text-font-weight );\" src=\"http:\/\/bohemiaopus.cz\/wp-content\/uploads\/2021\/01\/Annie-mimi2-1.jpg\" alt=\"\" srcset=\"https:\/\/bohemiaopus.cz\/wp-content\/uploads\/2021\/01\/Annie-mimi2-1.jpg 668w, https:\/\/bohemiaopus.cz\/wp-content\/uploads\/2021\/01\/Annie-mimi2-1-225x300.jpg 225w\" sizes=\"(max-width: 668px) 100vw, 668px\" \/><\/p>\n<figure class=\"wp-block-gallery has-nested-images columns-default is-cropped\">\n<p><\/p>\n<p><\/p>\n<figure class=\"wp-block-image size-full\"><img decoding=\"async\" width=\"641\" height=\"891\" class=\"wp-image-291\" src=\"http:\/\/bohemiaopus.cz\/wp-content\/uploads\/2021\/01\/Annie03122019-3.jpg\" alt=\"\" srcset=\"https:\/\/bohemiaopus.cz\/wp-content\/uploads\/2021\/01\/Annie03122019-3.jpg 641w, https:\/\/bohemiaopus.cz\/wp-content\/uploads\/2021\/01\/Annie03122019-3-216x300.jpg 216w\" sizes=\"(max-width: 641px) 100vw, 641px\" \/><\/figure>\n<p><\/p>\n<p><\/p>\n<figure class=\"wp-block-image size-full\"><img loading=\"lazy\" decoding=\"async\" width=\"2461\" height=\"2356\" class=\"wp-image-294\" src=\"http:\/\/bohemiaopus.cz\/wp-content\/uploads\/2021\/01\/AAzvetsene-3.jpg\" alt=\"\" srcset=\"https:\/\/bohemiaopus.cz\/wp-content\/uploads\/2021\/01\/AAzvetsene-3.jpg 2461w, https:\/\/bohemiaopus.cz\/wp-content\/uploads\/2021\/01\/AAzvetsene-3-300x287.jpg 300w, https:\/\/bohemiaopus.cz\/wp-content\/uploads\/2021\/01\/AAzvetsene-3-1024x980.jpg 1024w, https:\/\/bohemiaopus.cz\/wp-content\/uploads\/2021\/01\/AAzvetsene-3-768x735.jpg 768w, https:\/\/bohemiaopus.cz\/wp-content\/uploads\/2021\/01\/AAzvetsene-3-1536x1470.jpg 1536w, https:\/\/bohemiaopus.cz\/wp-content\/uploads\/2021\/01\/AAzvetsene-3-2048x1961.jpg 2048w\" sizes=\"(max-width: 2461px) 100vw, 2461px\" \/><\/figure>\n<p><\/p>\n<\/figure>\n<p><!-- \/wp:gallery --><\/p>\n<p><!-- wp:paragraph --><\/p>\n<p>\u00a0<\/p>\n<p><!-- \/wp:paragraph --><\/p>\n<p><!-- wp:heading {\"level\":4} --><\/p>\n<h4><strong><em>For futur owners<\/em><\/strong><\/h4>\n<p><!-- \/wp:heading --><\/p>\n<p><!-- wp:paragraph --><\/p>\n<p>Questions for future owners. Before we entrust a puppy from our breeding station, we ask a lot of more detailed questions. We want to know what environment the puppy would grow up in, whether they have a garden, whether they have experience in breeding, whether they have raised the dog, whether they are counting on it for years to come and more. Unfortunately, some people take it very personally to the point of feeling offended, but don't be angry, we're not asking for your account number or your shoe number. We're looking for the future life of our puppy. Simply without this basic information, we cannot entrust you with our puppy - a matter of the heart. We are all about his well-being and his future.<\/p>\n<p><!-- \/wp:paragraph --><\/p>\n<p><!-- wp:image {\"align\":\"right\",\"id\":468,\"width\":380,\"height\":285,\"sizeSlug\":\"large\",\"className\":\"is-style-rounded\"} --><\/p>\n<div class=\"wp-block-image is-style-rounded\">\n<figure class=\"alignright size-large is-resized\"><img loading=\"lazy\" decoding=\"async\" class=\"wp-image-468\" src=\"https:\/\/bohemiaopus.cz\/wp-content\/uploads\/2021\/01\/Annie08122019-3-1024x768.jpg\" alt=\"\" width=\"380\" height=\"285\" srcset=\"https:\/\/bohemiaopus.cz\/wp-content\/uploads\/2021\/01\/Annie08122019-3-1024x768.jpg 1024w, https:\/\/bohemiaopus.cz\/wp-content\/uploads\/2021\/01\/Annie08122019-3-300x225.jpg 300w, https:\/\/bohemiaopus.cz\/wp-content\/uploads\/2021\/01\/Annie08122019-3-768x576.jpg 768w, https:\/\/bohemiaopus.cz\/wp-content\/uploads\/2021\/01\/Annie08122019-3-16x12.jpg 16w, https:\/\/bohemiaopus.cz\/wp-content\/uploads\/2021\/01\/Annie08122019-3.jpg 1188w\" sizes=\"(max-width: 380px) 100vw, 380px\" \/><\/figure>\n<\/div>\n<p><!-- \/wp:image --><\/p>\n<p><!-- wp:heading {\"level\":4,\"textColor\":\"black\"} --><\/p>\n<h4 class=\"has-black-color has-text-color\">\u00a0<\/h4>\n<p><!-- \/wp:paragraph --><\/p>\n<p><!-- wp:heading {\"level\":4,\"textColor\":\"black\"} --><\/p>\n<h4 class=\"has-black-color has-text-color\"><strong><em>What will the breeders who sell you a cheap puppy save the most on?<\/em><\/strong><\/h4>\n<p><!-- \/wp:heading --><\/p>\n<p><!-- wp:list --><\/p>\n<ul>\n<li>Especially for cover. They cover at the cheapest price, regardless of the quality of the puppy father. The mother of puppies usually has no championship and other show successes.<\/li>\n<li>Only in exhibitions save the most, because walking out one championship is not fun and today it is often not even about the best dog of the exhibition, but about many constellations and great luck. As we have already written above, there can be hundreds of thousands of exhibitions if there are also foreign ones.<\/li>\n<li>Last but not least, they also save on veterinary examination, giving only austere basic vaccines, etc. You are not likely to find veterans in such breeders because they are unproductive (needless) and require considerable funding, so they are quickly discarded for old age!!<\/li>\n<\/ul>\n<p><!-- \/wp:list --><\/p>\n<p><!-- wp:paragraph {\"style\":{\"color\":{\"background\":\"#99ced3\"}},\"textColor\":\"black\"} --><\/p>\n<p class=\"has-black-color has-text-color has-background\" style=\"background-color: #99ced3;\">\u00a0<\/p>\n<p><!-- \/wp:paragraph --><\/p>\t\t\t\t\t\t\t\t<\/div>\n\t\t\t\t<\/div>\n\t\t\t\t\t<\/div>\n\t\t<\/div>\n\t\t\t\t\t<\/div>\n\t\t<\/section>\n\t\t\t\t<\/div>\n\t\t<h3>Souvisej\u00edc\u00ed obr\u00e1zky:<\/h3>","protected":false},"excerpt":{"rendered":"<p>Chovatelsk\u00e1 stanice BOHEMIA OPUS bedlington teri\u00e9r Popis plemena Bedlington teri\u00e9r je st\u0159edn\u011b vysok\u00fd, p\u016fvabn\u00fd p\u0159edstavitel [&hellip;]<\/p>","protected":false},"author":1,"featured_media":0,"parent":0,"menu_order":0,"comment_status":"closed","ping_status":"closed","template":"","meta":{"ngg_post_thumbnail":0,"footnotes":""},"class_list":["post-236","page","type-page","status-publish","hentry"],"yoast_head":"<!-- This site is optimized with the Yoast SEO plugin v25.6 - https:\/\/yoast.com\/wordpress\/plugins\/seo\/ -->\n<title>Povaha a dal\u0161\u00ed - Bohemia Opus<\/title>\n<meta name=\"robots\" content=\"index, follow, max-snippet:-1, max-image-preview:large, max-video-preview:-1\" \/>\n<link rel=\"canonical\" href=\"https:\/\/bohemiaopus.cz\/en\/povaha-a-dalsi\/\" \/>\n<meta property=\"og:locale\" content=\"en_GB\" \/>\n<meta property=\"og:type\" content=\"article\" \/>\n<meta property=\"og:title\" content=\"Povaha a dal\u0161\u00ed - Bohemia Opus\" \/>\n<meta property=\"og:description\" content=\"Chovatelsk\u00e1 stanice BOHEMIA OPUS bedlington teri\u00e9r Popis plemena Bedlington teri\u00e9r je st\u0159edn\u011b vysok\u00fd, p\u016fvabn\u00fd p\u0159edstavitel [&hellip;]\" \/>\n<meta property=\"og:url\" content=\"https:\/\/bohemiaopus.cz\/en\/povaha-a-dalsi\/\" \/>\n<meta property=\"og:site_name\" content=\"Bohemia Opus\" \/>\n<meta property=\"article:publisher\" content=\"https:\/\/www.facebook.com\/marcela.pobudova\/\" \/>\n<meta property=\"article:modified_time\" content=\"2024-04-05T18:18:37+00:00\" \/>\n<meta property=\"og:image\" content=\"http:\/\/bohemiaopus.cz\/wp-content\/uploads\/2021\/01\/Annie-krasne-2-2.jpg\" \/>\n<meta name=\"twitter:card\" content=\"summary_large_image\" \/>\n<meta name=\"twitter:label1\" content=\"Estimated reading time\" \/>\n\t<meta name=\"twitter:data1\" content=\"4 minutes\" \/>\n<script type=\"application\/ld+json\" class=\"yoast-schema-graph\">{\"@context\":\"https:\/\/schema.org\",\"@graph\":[{\"@type\":\"WebPage\",\"@id\":\"https:\/\/bohemiaopus.cz\/povaha-a-dalsi\/\",\"url\":\"https:\/\/bohemiaopus.cz\/povaha-a-dalsi\/\",\"name\":\"Povaha a dal\u0161\u00ed - Bohemia Opus\",\"isPartOf\":{\"@id\":\"https:\/\/bohemiaopus.cz\/#website\"},\"primaryImageOfPage\":{\"@id\":\"https:\/\/bohemiaopus.cz\/povaha-a-dalsi\/#primaryimage\"},\"image\":{\"@id\":\"https:\/\/bohemiaopus.cz\/povaha-a-dalsi\/#primaryimage\"},\"thumbnailUrl\":\"http:\/\/bohemiaopus.cz\/wp-content\/uploads\/2021\/01\/Annie-krasne-2-2.jpg\",\"datePublished\":\"2021-01-16T18:38:57+00:00\",\"dateModified\":\"2024-04-05T18:18:37+00:00\",\"breadcrumb\":{\"@id\":\"https:\/\/bohemiaopus.cz\/povaha-a-dalsi\/#breadcrumb\"},\"inLanguage\":\"en-GB\",\"potentialAction\":[{\"@type\":\"ReadAction\",\"target\":[\"https:\/\/bohemiaopus.cz\/povaha-a-dalsi\/\"]}]},{\"@type\":\"ImageObject\",\"inLanguage\":\"en-GB\",\"@id\":\"https:\/\/bohemiaopus.cz\/povaha-a-dalsi\/#primaryimage\",\"url\":\"http:\/\/bohemiaopus.cz\/wp-content\/uploads\/2021\/01\/Annie-krasne-2-2.jpg\",\"contentUrl\":\"http:\/\/bohemiaopus.cz\/wp-content\/uploads\/2021\/01\/Annie-krasne-2-2.jpg\"},{\"@type\":\"BreadcrumbList\",\"@id\":\"https:\/\/bohemiaopus.cz\/povaha-a-dalsi\/#breadcrumb\",\"itemListElement\":[{\"@type\":\"ListItem\",\"position\":1,\"name\":\"Dom\u016f\",\"item\":\"https:\/\/bohemiaopus.cz\/\"},{\"@type\":\"ListItem\",\"position\":2,\"name\":\"Povaha a dal\u0161\u00ed\"}]},{\"@type\":\"WebSite\",\"@id\":\"https:\/\/bohemiaopus.cz\/#website\",\"url\":\"https:\/\/bohemiaopus.cz\/\",\"name\":\"CHS Bohemia Opus Bedlington Terrier\",\"description\":\"CHS bedlington teri\u00e9r FCI\",\"potentialAction\":[{\"@type\":\"SearchAction\",\"target\":{\"@type\":\"EntryPoint\",\"urlTemplate\":\"https:\/\/bohemiaopus.cz\/?s={search_term_string}\"},\"query-input\":{\"@type\":\"PropertyValueSpecification\",\"valueRequired\":true,\"valueName\":\"search_term_string\"}}],\"inLanguage\":\"en-GB\"}]}<\/script>\n<!-- \/ Yoast SEO plugin. -->","yoast_head_json":{"title":"Povaha a dal\u0161\u00ed - Bohemia Opus","robots":{"index":"index","follow":"follow","max-snippet":"max-snippet:-1","max-image-preview":"max-image-preview:large","max-video-preview":"max-video-preview:-1"},"canonical":"https:\/\/bohemiaopus.cz\/en\/povaha-a-dalsi\/","og_locale":"en_GB","og_type":"article","og_title":"Povaha a dal\u0161\u00ed - Bohemia Opus","og_description":"Chovatelsk\u00e1 stanice BOHEMIA OPUS bedlington teri\u00e9r Popis plemena Bedlington teri\u00e9r je st\u0159edn\u011b vysok\u00fd, p\u016fvabn\u00fd p\u0159edstavitel [&hellip;]","og_url":"https:\/\/bohemiaopus.cz\/en\/povaha-a-dalsi\/","og_site_name":"Bohemia Opus","article_publisher":"https:\/\/www.facebook.com\/marcela.pobudova\/","article_modified_time":"2024-04-05T18:18:37+00:00","og_image":[{"url":"http:\/\/bohemiaopus.cz\/wp-content\/uploads\/2021\/01\/Annie-krasne-2-2.jpg","type":"","width":"","height":""}],"twitter_card":"summary_large_image","twitter_misc":{"Estimated reading time":"4 minutes"},"schema":{"@context":"https:\/\/schema.org","@graph":[{"@type":"WebPage","@id":"https:\/\/bohemiaopus.cz\/povaha-a-dalsi\/","url":"https:\/\/bohemiaopus.cz\/povaha-a-dalsi\/","name":"Povaha a dal\u0161\u00ed - Bohemia Opus","isPartOf":{"@id":"https:\/\/bohemiaopus.cz\/#website"},"primaryImageOfPage":{"@id":"https:\/\/bohemiaopus.cz\/povaha-a-dalsi\/#primaryimage"},"image":{"@id":"https:\/\/bohemiaopus.cz\/povaha-a-dalsi\/#primaryimage"},"thumbnailUrl":"http:\/\/bohemiaopus.cz\/wp-content\/uploads\/2021\/01\/Annie-krasne-2-2.jpg","datePublished":"2021-01-16T18:38:57+00:00","dateModified":"2024-04-05T18:18:37+00:00","breadcrumb":{"@id":"https:\/\/bohemiaopus.cz\/povaha-a-dalsi\/#breadcrumb"},"inLanguage":"en-GB","potentialAction":[{"@type":"ReadAction","target":["https:\/\/bohemiaopus.cz\/povaha-a-dalsi\/"]}]},{"@type":"ImageObject","inLanguage":"en-GB","@id":"https:\/\/bohemiaopus.cz\/povaha-a-dalsi\/#primaryimage","url":"http:\/\/bohemiaopus.cz\/wp-content\/uploads\/2021\/01\/Annie-krasne-2-2.jpg","contentUrl":"http:\/\/bohemiaopus.cz\/wp-content\/uploads\/2021\/01\/Annie-krasne-2-2.jpg"},{"@type":"BreadcrumbList","@id":"https:\/\/bohemiaopus.cz\/povaha-a-dalsi\/#breadcrumb","itemListElement":[{"@type":"ListItem","position":1,"name":"Dom\u016f","item":"https:\/\/bohemiaopus.cz\/"},{"@type":"ListItem","position":2,"name":"Povaha a dal\u0161\u00ed"}]},{"@type":"WebSite","@id":"https:\/\/bohemiaopus.cz\/#website","url":"https:\/\/bohemiaopus.cz\/","name":"CHS Bohemia Opus Bedlington Terrier","description":"Bedlington Terrier kennel FCI","potentialAction":[{"@type":"SearchAction","target":{"@type":"EntryPoint","urlTemplate":"https:\/\/bohemiaopus.cz\/?s={search_term_string}"},"query-input":{"@type":"PropertyValueSpecification","valueRequired":true,"valueName":"search_term_string"}}],"inLanguage":"en-GB"}]}},"_links":{"self":[{"href":"https:\/\/bohemiaopus.cz\/en\/wp-json\/wp\/v2\/pages\/236","targetHints":{"allow":["GET"]}}],"collection":[{"href":"https:\/\/bohemiaopus.cz\/en\/wp-json\/wp\/v2\/pages"}],"about":[{"href":"https:\/\/bohemiaopus.cz\/en\/wp-json\/wp\/v2\/types\/page"}],"author":[{"embeddable":true,"href":"https:\/\/bohemiaopus.cz\/en\/wp-json\/wp\/v2\/users\/1"}],"replies":[{"embeddable":true,"href":"https:\/\/bohemiaopus.cz\/en\/wp-json\/wp\/v2\/comments?post=236"}],"version-history":[{"count":0,"href":"https:\/\/bohemiaopus.cz\/en\/wp-json\/wp\/v2\/pages\/236\/revisions"}],"wp:attachment":[{"href":"https:\/\/bohemiaopus.cz\/en\/wp-json\/wp\/v2\/media?parent=236"}],"curies":[{"name":"wp","href":"https:\/\/api.w.org\/{rel}","templated":true}]}}