{"id":2473,"date":"2022-03-08T18:41:06","date_gmt":"2022-03-08T18:41:06","guid":{"rendered":"https:\/\/bohemiaopus.cz\/?page_id=2473"},"modified":"2022-03-08T20:23:42","modified_gmt":"2022-03-08T20:23:42","slug":"cites","status":"publish","type":"page","link":"https:\/\/bohemiaopus.cz\/en\/zelvy\/cites\/","title":{"rendered":"CITES"},"content":{"rendered":"<div data-elementor-type=\"wp-page\" data-elementor-id=\"2473\" class=\"elementor elementor-2473\">\n\t\t\t\t\t\t<section class=\"elementor-section elementor-top-section elementor-element elementor-element-f8a2813 elementor-section-boxed elementor-section-height-default elementor-section-height-default\" data-id=\"f8a2813\" data-element_type=\"section\">\n\t\t\t\t\t\t<div class=\"elementor-container elementor-column-gap-default\">\n\t\t\t\t\t<div class=\"elementor-column elementor-col-100 elementor-top-column elementor-element elementor-element-5fc8659\" data-id=\"5fc8659\" data-element_type=\"column\">\n\t\t\t<div class=\"elementor-widget-wrap elementor-element-populated\">\n\t\t\t\t\t\t<div class=\"elementor-element elementor-element-eca4589 elementor-widget elementor-widget-heading\" data-id=\"eca4589\" data-element_type=\"widget\" data-widget_type=\"heading.default\">\n\t\t\t\t<div class=\"elementor-widget-container\">\n\t\t\t\t\t<h2 class=\"elementor-heading-title elementor-size-medium\">CITES<\/h2>\t\t\t\t<\/div>\n\t\t\t\t<\/div>\n\t\t\t\t\t<\/div>\n\t\t<\/div>\n\t\t\t\t\t<\/div>\n\t\t<\/section>\n\t\t\t\t<section class=\"elementor-section elementor-top-section elementor-element elementor-element-1bef45c elementor-section-boxed elementor-section-height-default elementor-section-height-default\" data-id=\"1bef45c\" data-element_type=\"section\">\n\t\t\t\t\t\t<div class=\"elementor-container elementor-column-gap-default\">\n\t\t\t\t\t<div class=\"elementor-column elementor-col-100 elementor-top-column elementor-element elementor-element-364e14b\" data-id=\"364e14b\" data-element_type=\"column\">\n\t\t\t<div class=\"elementor-widget-wrap elementor-element-populated\">\n\t\t\t\t\t\t<div class=\"elementor-element elementor-element-97da4d6 elementor-widget elementor-widget-heading\" data-id=\"97da4d6\" data-element_type=\"widget\" data-widget_type=\"heading.default\">\n\t\t\t\t<div class=\"elementor-widget-container\">\n\t\t\t\t\t<h2 class=\"elementor-heading-title elementor-size-medium\">CITES (Convention on International Trade in Endangered Species)<\/h2>\t\t\t\t<\/div>\n\t\t\t\t<\/div>\n\t\t\t\t\t<\/div>\n\t\t<\/div>\n\t\t\t\t\t<\/div>\n\t\t<\/section>\n\t\t\t\t<section class=\"elementor-section elementor-top-section elementor-element elementor-element-439c178 elementor-section-boxed elementor-section-height-default elementor-section-height-default\" data-id=\"439c178\" data-element_type=\"section\">\n\t\t\t\t\t\t<div class=\"elementor-container elementor-column-gap-default\">\n\t\t\t\t\t<div class=\"elementor-column elementor-col-100 elementor-top-column elementor-element elementor-element-2112d7e\" data-id=\"2112d7e\" data-element_type=\"column\">\n\t\t\t<div class=\"elementor-widget-wrap elementor-element-populated\">\n\t\t\t\t\t\t<div class=\"elementor-element elementor-element-bfbb4d9 elementor-widget elementor-widget-heading\" data-id=\"bfbb4d9\" data-element_type=\"widget\" data-widget_type=\"heading.default\">\n\t\t\t\t<div class=\"elementor-widget-container\">\n\t\t\t\t\t<h2 class=\"elementor-heading-title elementor-size-medium\">Convention on International Trade in Endangered Species<\/h2>\t\t\t\t<\/div>\n\t\t\t\t<\/div>\n\t\t\t\t\t<\/div>\n\t\t<\/div>\n\t\t\t\t\t<\/div>\n\t\t<\/section>\n\t\t\t\t<section class=\"elementor-section elementor-top-section elementor-element elementor-element-07d4981 elementor-section-boxed elementor-section-height-default elementor-section-height-default\" data-id=\"07d4981\" data-element_type=\"section\">\n\t\t\t\t\t\t<div class=\"elementor-container elementor-column-gap-default\">\n\t\t\t\t\t<div class=\"elementor-column elementor-col-50 elementor-top-column elementor-element elementor-element-0cd75ec\" data-id=\"0cd75ec\" data-element_type=\"column\">\n\t\t\t<div class=\"elementor-widget-wrap elementor-element-populated\">\n\t\t\t\t\t\t<div class=\"elementor-element elementor-element-5d828c5 elementor-widget elementor-widget-text-editor\" data-id=\"5d828c5\" data-element_type=\"widget\" data-widget_type=\"text-editor.default\">\n\t\t\t\t<div class=\"elementor-widget-container\">\n\t\t\t\t\t\t\t\t\t<p>The tortoise - Testudo marginata is listed in CITES Appendix II and CITES Appendix A according to European CITES legislation. What is this known for new owners of these turtles?<\/p><p>The new owner of the crested turtle always needs to obtain mandatory CITES documents from the breeder. And it:<\/p><ol><li>\u2713 <strong>Turtle registration form so-called CITES - white paper<\/strong> and<\/li><li>\u2713 <strong>Exception to the ban on business - yellow paper<\/strong> the validity of the trade is limited to one year only until the turtle is bitten. Valid only in the Member States of the European Union! After the specimen is exported to another EU Member State, the certificate expires and may no longer be used. <strong>(Never leave without these documents!)<\/strong><\/li><\/ol><p><br \/><span style=\"text-decoration: underline;\"><strong>On the registration form<\/strong> on page 2, the number of the new owner, the date and the date of the takeover and the signature of the original and the new owner shall be added to number 21.<\/span><\/p><p><strong>These original documents - the new owner must send within 30 days to the Regional Office of the Environment, which belongs to his residence.<\/strong> The original owner must report the same in his region.<\/p>\t\t\t\t\t\t\t\t<\/div>\n\t\t\t\t<\/div>\n\t\t\t\t\t<\/div>\n\t\t<\/div>\n\t\t\t\t<div class=\"elementor-column elementor-col-50 elementor-top-column elementor-element elementor-element-0c859e0\" data-id=\"0c859e0\" data-element_type=\"column\">\n\t\t\t<div class=\"elementor-widget-wrap elementor-element-populated\">\n\t\t\t\t\t\t<div class=\"elementor-element elementor-element-fa1190e elementor-widget elementor-widget-text-editor\" data-id=\"fa1190e\" data-element_type=\"widget\" data-widget_type=\"text-editor.default\">\n\t\t\t\t<div class=\"elementor-widget-container\">\n\t\t\t\t\t\t\t\t\t<p>Until the turtle is marked with a chip, the new owner of the turtle should document a photograph of the turtle taken with the ruler, for example, once a year by agreement at the regional office. This photo turtles should occupy 2\/3 of the area. Once you have the turtle marked with a chip, you no longer send anything to the office. From a certain size of the turtle, the office will ask you to have the turtle chipped with a microchip. It can order you first from a turtle size of 10 cm or a weight of 500g.<\/p><p>You are also obliged to report all changes concerning the turtle to your regional office within 30 days, eg change of residence, change of specimen holder, possible death of the turtle, etc. It is always better to arrange a specific office by phone first.<\/p><p>For possible <strong>export Testudo marginata<\/strong> to countries that <strong>are not EU Member States<\/strong>, is a must have <strong>export permit or re-export certificate<\/strong>export permit or re-export certificate<\/p>\t\t\t\t\t\t\t\t<\/div>\n\t\t\t\t<\/div>\n\t\t\t\t\t<\/div>\n\t\t<\/div>\n\t\t\t\t\t<\/div>\n\t\t<\/section>\n\t\t\t\t<\/div>\n\t\t<h3>Souvisej\u00edc\u00ed obr\u00e1zky:<\/h3>","protected":false},"excerpt":{"rendered":"<p>CITES CITES (Convention on International Trade in Endangered Species) \u00damluva o mezin\u00e1rodn\u00edm obchodu s ohro\u017een\u00fdmi [&hellip;]<\/p>","protected":false},"author":2,"featured_media":0,"parent":2443,"menu_order":0,"comment_status":"closed","ping_status":"closed","template":"","meta":{"ngg_post_thumbnail":0,"footnotes":""},"class_list":["post-2473","page","type-page","status-publish","hentry"],"yoast_head":"<!-- This site is optimized with the Yoast SEO plugin v25.6 - https:\/\/yoast.com\/wordpress\/plugins\/seo\/ -->\n<title>CITES - Bohemia Opus<\/title>\n<meta name=\"robots\" content=\"index, follow, max-snippet:-1, max-image-preview:large, max-video-preview:-1\" \/>\n<link rel=\"canonical\" href=\"https:\/\/bohemiaopus.cz\/en\/zelvy\/cites\/\" \/>\n<meta property=\"og:locale\" content=\"en_GB\" \/>\n<meta property=\"og:type\" content=\"article\" \/>\n<meta property=\"og:title\" content=\"CITES - Bohemia Opus\" \/>\n<meta property=\"og:description\" content=\"CITES CITES (Convention on International Trade in Endangered Species) \u00damluva o mezin\u00e1rodn\u00edm obchodu s ohro\u017een\u00fdmi [&hellip;]\" \/>\n<meta property=\"og:url\" content=\"https:\/\/bohemiaopus.cz\/en\/zelvy\/cites\/\" \/>\n<meta property=\"og:site_name\" content=\"Bohemia Opus\" \/>\n<meta property=\"article:publisher\" content=\"https:\/\/www.facebook.com\/marcela.pobudova\/\" \/>\n<meta property=\"article:modified_time\" content=\"2022-03-08T20:23:42+00:00\" \/>\n<meta name=\"twitter:card\" content=\"summary_large_image\" \/>\n<meta name=\"twitter:label1\" content=\"Estimated reading time\" \/>\n\t<meta name=\"twitter:data1\" content=\"2 minutes\" \/>\n<script type=\"application\/ld+json\" class=\"yoast-schema-graph\">{\"@context\":\"https:\/\/schema.org\",\"@graph\":[{\"@type\":\"WebPage\",\"@id\":\"https:\/\/bohemiaopus.cz\/zelvy\/cites\/\",\"url\":\"https:\/\/bohemiaopus.cz\/zelvy\/cites\/\",\"name\":\"CITES - Bohemia Opus\",\"isPartOf\":{\"@id\":\"https:\/\/bohemiaopus.cz\/#website\"},\"datePublished\":\"2022-03-08T18:41:06+00:00\",\"dateModified\":\"2022-03-08T20:23:42+00:00\",\"breadcrumb\":{\"@id\":\"https:\/\/bohemiaopus.cz\/zelvy\/cites\/#breadcrumb\"},\"inLanguage\":\"en-GB\",\"potentialAction\":[{\"@type\":\"ReadAction\",\"target\":[\"https:\/\/bohemiaopus.cz\/zelvy\/cites\/\"]}]},{\"@type\":\"BreadcrumbList\",\"@id\":\"https:\/\/bohemiaopus.cz\/zelvy\/cites\/#breadcrumb\",\"itemListElement\":[{\"@type\":\"ListItem\",\"position\":1,\"name\":\"Dom\u016f\",\"item\":\"https:\/\/bohemiaopus.cz\/\"},{\"@type\":\"ListItem\",\"position\":2,\"name\":\"\u017delvy\",\"item\":\"https:\/\/bohemiaopus.cz\/zelvy\/\"},{\"@type\":\"ListItem\",\"position\":3,\"name\":\"CITES\"}]},{\"@type\":\"WebSite\",\"@id\":\"https:\/\/bohemiaopus.cz\/#website\",\"url\":\"https:\/\/bohemiaopus.cz\/\",\"name\":\"CHS Bohemia Opus Bedlington Terrier\",\"description\":\"CHS bedlington teri\u00e9r FCI\",\"potentialAction\":[{\"@type\":\"SearchAction\",\"target\":{\"@type\":\"EntryPoint\",\"urlTemplate\":\"https:\/\/bohemiaopus.cz\/?s={search_term_string}\"},\"query-input\":{\"@type\":\"PropertyValueSpecification\",\"valueRequired\":true,\"valueName\":\"search_term_string\"}}],\"inLanguage\":\"en-GB\"}]}<\/script>\n<!-- \/ Yoast SEO plugin. -->","yoast_head_json":{"title":"CITES - Bohemia Opus","robots":{"index":"index","follow":"follow","max-snippet":"max-snippet:-1","max-image-preview":"max-image-preview:large","max-video-preview":"max-video-preview:-1"},"canonical":"https:\/\/bohemiaopus.cz\/en\/zelvy\/cites\/","og_locale":"en_GB","og_type":"article","og_title":"CITES - Bohemia Opus","og_description":"CITES CITES (Convention on International Trade in Endangered Species) \u00damluva o mezin\u00e1rodn\u00edm obchodu s ohro\u017een\u00fdmi [&hellip;]","og_url":"https:\/\/bohemiaopus.cz\/en\/zelvy\/cites\/","og_site_name":"Bohemia Opus","article_publisher":"https:\/\/www.facebook.com\/marcela.pobudova\/","article_modified_time":"2022-03-08T20:23:42+00:00","twitter_card":"summary_large_image","twitter_misc":{"Estimated reading time":"2 minutes"},"schema":{"@context":"https:\/\/schema.org","@graph":[{"@type":"WebPage","@id":"https:\/\/bohemiaopus.cz\/zelvy\/cites\/","url":"https:\/\/bohemiaopus.cz\/zelvy\/cites\/","name":"CITES - Bohemia Opus","isPartOf":{"@id":"https:\/\/bohemiaopus.cz\/#website"},"datePublished":"2022-03-08T18:41:06+00:00","dateModified":"2022-03-08T20:23:42+00:00","breadcrumb":{"@id":"https:\/\/bohemiaopus.cz\/zelvy\/cites\/#breadcrumb"},"inLanguage":"en-GB","potentialAction":[{"@type":"ReadAction","target":["https:\/\/bohemiaopus.cz\/zelvy\/cites\/"]}]},{"@type":"BreadcrumbList","@id":"https:\/\/bohemiaopus.cz\/zelvy\/cites\/#breadcrumb","itemListElement":[{"@type":"ListItem","position":1,"name":"Dom\u016f","item":"https:\/\/bohemiaopus.cz\/"},{"@type":"ListItem","position":2,"name":"\u017delvy","item":"https:\/\/bohemiaopus.cz\/zelvy\/"},{"@type":"ListItem","position":3,"name":"CITES"}]},{"@type":"WebSite","@id":"https:\/\/bohemiaopus.cz\/#website","url":"https:\/\/bohemiaopus.cz\/","name":"CHS Bohemia Opus Bedlington Terrier","description":"Bedlington Terrier kennel FCI","potentialAction":[{"@type":"SearchAction","target":{"@type":"EntryPoint","urlTemplate":"https:\/\/bohemiaopus.cz\/?s={search_term_string}"},"query-input":{"@type":"PropertyValueSpecification","valueRequired":true,"valueName":"search_term_string"}}],"inLanguage":"en-GB"}]}},"_links":{"self":[{"href":"https:\/\/bohemiaopus.cz\/en\/wp-json\/wp\/v2\/pages\/2473","targetHints":{"allow":["GET"]}}],"collection":[{"href":"https:\/\/bohemiaopus.cz\/en\/wp-json\/wp\/v2\/pages"}],"about":[{"href":"https:\/\/bohemiaopus.cz\/en\/wp-json\/wp\/v2\/types\/page"}],"author":[{"embeddable":true,"href":"https:\/\/bohemiaopus.cz\/en\/wp-json\/wp\/v2\/users\/2"}],"replies":[{"embeddable":true,"href":"https:\/\/bohemiaopus.cz\/en\/wp-json\/wp\/v2\/comments?post=2473"}],"version-history":[{"count":0,"href":"https:\/\/bohemiaopus.cz\/en\/wp-json\/wp\/v2\/pages\/2473\/revisions"}],"up":[{"embeddable":true,"href":"https:\/\/bohemiaopus.cz\/en\/wp-json\/wp\/v2\/pages\/2443"}],"wp:attachment":[{"href":"https:\/\/bohemiaopus.cz\/en\/wp-json\/wp\/v2\/media?parent=2473"}],"curies":[{"name":"wp","href":"https:\/\/api.w.org\/{rel}","templated":true}]}}