{"id":2475,"date":"2022-03-08T18:41:56","date_gmt":"2022-03-08T18:41:56","guid":{"rendered":"https:\/\/bohemiaopus.cz\/?page_id=2475"},"modified":"2022-09-14T12:52:15","modified_gmt":"2022-09-14T12:52:15","slug":"ubikace","status":"publish","type":"page","link":"https:\/\/bohemiaopus.cz\/en\/zelvy\/ubikace\/","title":{"rendered":"Accommodations"},"content":{"rendered":"<div data-elementor-type=\"wp-page\" data-elementor-id=\"2475\" class=\"elementor elementor-2475\">\n\t\t\t\t\t\t<section class=\"elementor-section elementor-top-section elementor-element elementor-element-cec44ef elementor-section-boxed elementor-section-height-default elementor-section-height-default\" data-id=\"cec44ef\" data-element_type=\"section\">\n\t\t\t\t\t\t<div class=\"elementor-container elementor-column-gap-default\">\n\t\t\t\t\t<div class=\"elementor-column elementor-col-100 elementor-top-column elementor-element elementor-element-4b04d2f\" data-id=\"4b04d2f\" data-element_type=\"column\">\n\t\t\t<div class=\"elementor-widget-wrap elementor-element-populated\">\n\t\t\t\t\t\t<div class=\"elementor-element elementor-element-389e7b7 elementor-widget elementor-widget-heading\" data-id=\"389e7b7\" data-element_type=\"widget\" data-widget_type=\"heading.default\">\n\t\t\t\t<div class=\"elementor-widget-container\">\n\t\t\t\t\t<h2 class=\"elementor-heading-title elementor-size-medium\">LOCATION<\/h2>\t\t\t\t<\/div>\n\t\t\t\t<\/div>\n\t\t\t\t\t<\/div>\n\t\t<\/div>\n\t\t\t\t\t<\/div>\n\t\t<\/section>\n\t\t\t\t<section class=\"elementor-section elementor-top-section elementor-element elementor-element-5a773a5 elementor-section-boxed elementor-section-height-default elementor-section-height-default\" data-id=\"5a773a5\" data-element_type=\"section\">\n\t\t\t\t\t\t<div class=\"elementor-container elementor-column-gap-default\">\n\t\t\t\t\t<div class=\"elementor-column elementor-col-100 elementor-top-column elementor-element elementor-element-42244a4\" data-id=\"42244a4\" data-element_type=\"column\">\n\t\t\t<div class=\"elementor-widget-wrap elementor-element-populated\">\n\t\t\t\t\t\t<div class=\"elementor-element elementor-element-da02374 elementor-widget elementor-widget-text-editor\" data-id=\"da02374\" data-element_type=\"widget\" data-widget_type=\"text-editor.default\">\n\t\t\t\t<div class=\"elementor-widget-container\">\n\t\t\t\t\t\t\t\t\t<p>Ne\u017e si \u017eelvu po\u0159\u00edd\u00edte, je t\u0159eba promyslet, kde bude \u017eelvi\u010dka bydlet. Nastudujte co nejv\u00edce informac\u00ed o suchozemsk\u00fdch \u017eelv\u00e1ch na r\u016fzn\u00fdch webech, facebook \u010di jin\u00fdch kan\u00e1lech.<\/p>\n<p>Lep\u0161\u00ed varianta je, kdy\u017e si \u017eelvi\u010dku po\u0159\u00edd\u00edte <strong>in spring<\/strong>when it's warm and you settle the turtle in the garden with a hut and a pen, which you can best cover from above with a predator mesh. Those who do not dare to spend the winter turtle in the first year have some time to think and buy <strong>, house terrarium<\/strong>So the possibilities and advantages and disadvantages that are:<\/p>\n<ul>\n<li><strong>So the possibilities and advantages and disadvantages that are:<\/strong> with double bottom and top ventilation. The heat source needs to be placed more to one side of the terrarium (37-45 degrees), so that the turtles have the opportunity to be on the other side of the terrarium in the cooler part (20-24 degrees).<br>In smaller terrariums, there is a risk of turtles overheating, which very often leads to gradual death !! Therefore, catch the right conditions for your turtle in time with the right weight of the heat source in your terrarium.<\/li>\n<li><strong>or turtle table with a wall height of 25-30 cm<\/strong> \u2013 vypad\u00e1 n\u00e1dhern\u011b, p\u0159ehledn\u011b Ka\u017ed\u00fd si m\u016f\u017ee navrhnout neomezenou velikost. Materi\u00e1l m\u016f\u017ee b\u00fdt ze d\u0159eva, d\u0159evot\u0159\u00edsky, skla nebo jejich kombinace. I kdy\u017e pou\u017eijete nejsiln\u011bj\u0161\u00ed v\u00fdh\u0159evn\u00e9 osv\u011btlen\u00ed, nikdy se nemus\u00edte b\u00e1t p\u0159eh\u0159\u00e1t\u00ed \u017eelv. D\u016fvodem je neudr\u017eitelnost pot\u0159ebn\u00e9 teploty v otev\u0159en\u00e9m prostoru. Tedy velmi n\u00e1kladn\u00e9 na energie a druh\u00fdm d\u016fvodem je rozl\u00e9haj\u00edc\u00ed z\u00e1pach po cel\u00e9 m\u00edstnosti. Ale po zku\u0161enostech, bychom se my rad\u011bji vr\u00e1tili k ter\u00e1riu.<\/li>\n<\/ul>\n<p>We recommend having these turtles at home for up to three years of age. Then it is better to start preparing the turtles for winter. And to imitate their life as they would in nature. An experienced breeder winters his turtles even earlier. Wintering is suitable in the future for the proper reproduction of turtles for other reasons. For example, spatial.<\/p>\n<p>If you do not have a garden, it is still possible to accommodate the turtle, for example, on your balcony. There are a lot of beautiful inspirations that you can find on other websites or on the Facebook profile in any group about turtles, where you can also discuss with other turtle breeders.<\/p>\n<p><strong>Outdoor quarters - enclosure for turtles<\/strong> consists of a fence made of mesh or wooden with a shed located rather on the south side with water, shelters and from the top of the enclosure, we recommend covering with mesh against predators. Some breeders also advise, depending on the species of turtles, to place the enclosure up to 40 cm below ground level as protection against turtle burrowing.<\/p>\n<p>Other accessories to improve the paddock can be: pond, islands, elevated places, rocks, stones, ceramic bowls, wooden stumps, branches,\u2026<\/p>\n<p>If you transfer the turtle from the terrarium to the outdoor enclosure, do so until the night's outdoor temperatures climb above 10 degrees.<br>Don't return them home. Turtles move from April to May, depending on the weather, and the house does not return until the end of September, depending on the weather.<br>The size of the turtle shed looks like a dog shed with an opening roof, which does not have a bottom, so that the turtles can bury themselves in bad weather.<\/p>\t\t\t\t\t\t\t\t<\/div>\n\t\t\t\t<\/div>\n\t\t\t\t\t<\/div>\n\t\t<\/div>\n\t\t\t\t\t<\/div>\n\t\t<\/section>\n\t\t\t\t<\/div>\n\t\t<h3>Souvisej\u00edc\u00ed obr\u00e1zky:<\/h3>","protected":false},"excerpt":{"rendered":"<p>UBIKACE Ne\u017e si \u017eelvu po\u0159\u00edd\u00edte, je t\u0159eba promyslet, kde bude \u017eelvi\u010dka bydlet. Nastudujte co nejv\u00edce [&hellip;]<\/p>","protected":false},"author":2,"featured_media":0,"parent":2443,"menu_order":0,"comment_status":"closed","ping_status":"closed","template":"","meta":{"ngg_post_thumbnail":0,"footnotes":""},"class_list":["post-2475","page","type-page","status-publish","hentry"],"yoast_head":"<!-- This site is optimized with the Yoast SEO plugin v25.6 - https:\/\/yoast.com\/wordpress\/plugins\/seo\/ -->\n<title>Ubikace - Bohemia Opus<\/title>\n<meta name=\"robots\" content=\"index, follow, max-snippet:-1, max-image-preview:large, max-video-preview:-1\" \/>\n<link rel=\"canonical\" href=\"https:\/\/bohemiaopus.cz\/en\/zelvy\/ubikace\/\" \/>\n<meta property=\"og:locale\" content=\"en_GB\" \/>\n<meta property=\"og:type\" content=\"article\" \/>\n<meta property=\"og:title\" content=\"Ubikace - Bohemia Opus\" \/>\n<meta property=\"og:description\" content=\"UBIKACE Ne\u017e si \u017eelvu po\u0159\u00edd\u00edte, je t\u0159eba promyslet, kde bude \u017eelvi\u010dka bydlet. Nastudujte co nejv\u00edce [&hellip;]\" \/>\n<meta property=\"og:url\" content=\"https:\/\/bohemiaopus.cz\/en\/zelvy\/ubikace\/\" \/>\n<meta property=\"og:site_name\" content=\"Bohemia Opus\" \/>\n<meta property=\"article:publisher\" content=\"https:\/\/www.facebook.com\/marcela.pobudova\/\" \/>\n<meta property=\"article:modified_time\" content=\"2022-09-14T12:52:15+00:00\" \/>\n<meta name=\"twitter:card\" content=\"summary_large_image\" \/>\n<meta name=\"twitter:label1\" content=\"Estimated reading time\" \/>\n\t<meta name=\"twitter:data1\" content=\"3 minutes\" \/>\n<script type=\"application\/ld+json\" class=\"yoast-schema-graph\">{\"@context\":\"https:\/\/schema.org\",\"@graph\":[{\"@type\":\"WebPage\",\"@id\":\"https:\/\/bohemiaopus.cz\/zelvy\/ubikace\/\",\"url\":\"https:\/\/bohemiaopus.cz\/zelvy\/ubikace\/\",\"name\":\"Ubikace - Bohemia Opus\",\"isPartOf\":{\"@id\":\"https:\/\/bohemiaopus.cz\/#website\"},\"datePublished\":\"2022-03-08T18:41:56+00:00\",\"dateModified\":\"2022-09-14T12:52:15+00:00\",\"breadcrumb\":{\"@id\":\"https:\/\/bohemiaopus.cz\/zelvy\/ubikace\/#breadcrumb\"},\"inLanguage\":\"en-GB\",\"potentialAction\":[{\"@type\":\"ReadAction\",\"target\":[\"https:\/\/bohemiaopus.cz\/zelvy\/ubikace\/\"]}]},{\"@type\":\"BreadcrumbList\",\"@id\":\"https:\/\/bohemiaopus.cz\/zelvy\/ubikace\/#breadcrumb\",\"itemListElement\":[{\"@type\":\"ListItem\",\"position\":1,\"name\":\"Dom\u016f\",\"item\":\"https:\/\/bohemiaopus.cz\/\"},{\"@type\":\"ListItem\",\"position\":2,\"name\":\"\u017delvy\",\"item\":\"https:\/\/bohemiaopus.cz\/zelvy\/\"},{\"@type\":\"ListItem\",\"position\":3,\"name\":\"Ubikace\"}]},{\"@type\":\"WebSite\",\"@id\":\"https:\/\/bohemiaopus.cz\/#website\",\"url\":\"https:\/\/bohemiaopus.cz\/\",\"name\":\"CHS Bohemia Opus Bedlington Terrier\",\"description\":\"CHS bedlington teri\u00e9r FCI\",\"potentialAction\":[{\"@type\":\"SearchAction\",\"target\":{\"@type\":\"EntryPoint\",\"urlTemplate\":\"https:\/\/bohemiaopus.cz\/?s={search_term_string}\"},\"query-input\":{\"@type\":\"PropertyValueSpecification\",\"valueRequired\":true,\"valueName\":\"search_term_string\"}}],\"inLanguage\":\"en-GB\"}]}<\/script>\n<!-- \/ Yoast SEO plugin. -->","yoast_head_json":{"title":"Ubikace - Bohemia Opus","robots":{"index":"index","follow":"follow","max-snippet":"max-snippet:-1","max-image-preview":"max-image-preview:large","max-video-preview":"max-video-preview:-1"},"canonical":"https:\/\/bohemiaopus.cz\/en\/zelvy\/ubikace\/","og_locale":"en_GB","og_type":"article","og_title":"Ubikace - Bohemia Opus","og_description":"UBIKACE Ne\u017e si \u017eelvu po\u0159\u00edd\u00edte, je t\u0159eba promyslet, kde bude \u017eelvi\u010dka bydlet. Nastudujte co nejv\u00edce [&hellip;]","og_url":"https:\/\/bohemiaopus.cz\/en\/zelvy\/ubikace\/","og_site_name":"Bohemia Opus","article_publisher":"https:\/\/www.facebook.com\/marcela.pobudova\/","article_modified_time":"2022-09-14T12:52:15+00:00","twitter_card":"summary_large_image","twitter_misc":{"Estimated reading time":"3 minutes"},"schema":{"@context":"https:\/\/schema.org","@graph":[{"@type":"WebPage","@id":"https:\/\/bohemiaopus.cz\/zelvy\/ubikace\/","url":"https:\/\/bohemiaopus.cz\/zelvy\/ubikace\/","name":"Ubikace - Bohemia Opus","isPartOf":{"@id":"https:\/\/bohemiaopus.cz\/#website"},"datePublished":"2022-03-08T18:41:56+00:00","dateModified":"2022-09-14T12:52:15+00:00","breadcrumb":{"@id":"https:\/\/bohemiaopus.cz\/zelvy\/ubikace\/#breadcrumb"},"inLanguage":"en-GB","potentialAction":[{"@type":"ReadAction","target":["https:\/\/bohemiaopus.cz\/zelvy\/ubikace\/"]}]},{"@type":"BreadcrumbList","@id":"https:\/\/bohemiaopus.cz\/zelvy\/ubikace\/#breadcrumb","itemListElement":[{"@type":"ListItem","position":1,"name":"Dom\u016f","item":"https:\/\/bohemiaopus.cz\/"},{"@type":"ListItem","position":2,"name":"\u017delvy","item":"https:\/\/bohemiaopus.cz\/zelvy\/"},{"@type":"ListItem","position":3,"name":"Ubikace"}]},{"@type":"WebSite","@id":"https:\/\/bohemiaopus.cz\/#website","url":"https:\/\/bohemiaopus.cz\/","name":"CHS Bohemia Opus Bedlington Terrier","description":"Bedlington Terrier kennel FCI","potentialAction":[{"@type":"SearchAction","target":{"@type":"EntryPoint","urlTemplate":"https:\/\/bohemiaopus.cz\/?s={search_term_string}"},"query-input":{"@type":"PropertyValueSpecification","valueRequired":true,"valueName":"search_term_string"}}],"inLanguage":"en-GB"}]}},"_links":{"self":[{"href":"https:\/\/bohemiaopus.cz\/en\/wp-json\/wp\/v2\/pages\/2475","targetHints":{"allow":["GET"]}}],"collection":[{"href":"https:\/\/bohemiaopus.cz\/en\/wp-json\/wp\/v2\/pages"}],"about":[{"href":"https:\/\/bohemiaopus.cz\/en\/wp-json\/wp\/v2\/types\/page"}],"author":[{"embeddable":true,"href":"https:\/\/bohemiaopus.cz\/en\/wp-json\/wp\/v2\/users\/2"}],"replies":[{"embeddable":true,"href":"https:\/\/bohemiaopus.cz\/en\/wp-json\/wp\/v2\/comments?post=2475"}],"version-history":[{"count":0,"href":"https:\/\/bohemiaopus.cz\/en\/wp-json\/wp\/v2\/pages\/2475\/revisions"}],"up":[{"embeddable":true,"href":"https:\/\/bohemiaopus.cz\/en\/wp-json\/wp\/v2\/pages\/2443"}],"wp:attachment":[{"href":"https:\/\/bohemiaopus.cz\/en\/wp-json\/wp\/v2\/media?parent=2475"}],"curies":[{"name":"wp","href":"https:\/\/api.w.org\/{rel}","templated":true}]}}