{"id":2477,"date":"2022-03-08T18:46:54","date_gmt":"2022-03-08T18:46:54","guid":{"rendered":"https:\/\/bohemiaopus.cz\/?page_id=2477"},"modified":"2022-09-14T12:58:43","modified_gmt":"2022-09-14T12:58:43","slug":"podestylka-a-osvetleni","status":"publish","type":"page","link":"https:\/\/bohemiaopus.cz\/en\/zelvy\/podestylka-a-osvetleni\/","title":{"rendered":"Litter and lighting"},"content":{"rendered":"<div data-elementor-type=\"wp-page\" data-elementor-id=\"2477\" class=\"elementor elementor-2477\">\n\t\t\t\t\t\t<section class=\"elementor-section elementor-top-section elementor-element elementor-element-f47193a elementor-section-boxed elementor-section-height-default elementor-section-height-default\" data-id=\"f47193a\" data-element_type=\"section\">\n\t\t\t\t\t\t<div class=\"elementor-container elementor-column-gap-default\">\n\t\t\t\t\t<div class=\"elementor-column elementor-col-100 elementor-top-column elementor-element elementor-element-762dc13\" data-id=\"762dc13\" data-element_type=\"column\">\n\t\t\t<div class=\"elementor-widget-wrap elementor-element-populated\">\n\t\t\t\t\t\t<div class=\"elementor-element elementor-element-f376c4e elementor-widget elementor-widget-heading\" data-id=\"f376c4e\" data-element_type=\"widget\" data-widget_type=\"heading.default\">\n\t\t\t\t<div class=\"elementor-widget-container\">\n\t\t\t\t\t<h2 class=\"elementor-heading-title elementor-size-medium\">BEDDING<\/h2>\t\t\t\t<\/div>\n\t\t\t\t<\/div>\n\t\t\t\t\t<\/div>\n\t\t<\/div>\n\t\t\t\t\t<\/div>\n\t\t<\/section>\n\t\t\t\t<section class=\"elementor-section elementor-top-section elementor-element elementor-element-0b384ea elementor-section-boxed elementor-section-height-default elementor-section-height-default\" data-id=\"0b384ea\" data-element_type=\"section\">\n\t\t\t\t\t\t<div class=\"elementor-container elementor-column-gap-default\">\n\t\t\t\t\t<div class=\"elementor-column elementor-col-100 elementor-top-column elementor-element elementor-element-7b5b131\" data-id=\"7b5b131\" data-element_type=\"column\">\n\t\t\t<div class=\"elementor-widget-wrap elementor-element-populated\">\n\t\t\t\t\t\t<div class=\"elementor-element elementor-element-a65287c elementor-widget elementor-widget-text-editor\" data-id=\"a65287c\" data-element_type=\"widget\" data-widget_type=\"text-editor.default\">\n\t\t\t\t<div class=\"elementor-widget-container\">\n\t\t\t\t\t\t\t\t\t<ul><li><strong>Wet dust-free shavings are definitely suitable for baby turtles at home in the terrarium<\/strong>\u00a0<\/li><li>Po zm\u00e1\u010dknut\u00ed hoblin v ruce , by z nich m\u011bla kapat voda. V\u00fd\u0161ka steliva alespo\u0148 5 cm.<\/li><li>Or choose a combination for part shavings and the rest of the clay with sand without fertilizers !!!<br \/>If you do not have the opportunity to buy land, type on purchased without fertilizers<\/li><li>It is best to collect clay from moles.<ul><li>It is important to regularly moisten or grow shavings or terrariums (sprayer, children's flower pot). The best time to dew is in the evening or early morning. It simulates the environment where they live.<\/li><li>It is important to replace the shavings as needed and the number of turtles. E.g. 1 x in 14 days.<\/li><li>Another possible turtle litter that some turtle breeders use is, for example, coconut fiber, wood wool\u2026<\/li><li>Gravel, sawdust, wood chips, hay and straw, newspapers are unsuitable substrates at home in the terrarium.<\/li><\/ul><\/li><li><strong>Turtles nestled from spring to autumn outside<\/strong> it is advisable to have straw in the shed on colder days, into which they can climb. In the case of rare morning frosts, you can extend their stay outside, for example by inserting a hot bottle soaked in the evening, which will keep their temperature at about 5 \u00b0 C.<\/li><\/ul>\t\t\t\t\t\t\t\t<\/div>\n\t\t\t\t<\/div>\n\t\t\t\t<div class=\"elementor-element elementor-element-08e320f elementor-widget elementor-widget-heading\" data-id=\"08e320f\" data-element_type=\"widget\" data-widget_type=\"heading.default\">\n\t\t\t\t<div class=\"elementor-widget-container\">\n\t\t\t\t\t<h2 class=\"elementor-heading-title elementor-size-medium\">LIGHTING<\/h2>\t\t\t\t<\/div>\n\t\t\t\t<\/div>\n\t\t\t\t\t<\/div>\n\t\t<\/div>\n\t\t\t\t\t<\/div>\n\t\t<\/section>\n\t\t\t\t<section class=\"elementor-section elementor-top-section elementor-element elementor-element-46a4646 elementor-section-boxed elementor-section-height-default elementor-section-height-default\" data-id=\"46a4646\" data-element_type=\"section\">\n\t\t\t\t\t\t<div class=\"elementor-container elementor-column-gap-default\">\n\t\t\t\t\t<div class=\"elementor-column elementor-col-100 elementor-top-column elementor-element elementor-element-61c8ee5\" data-id=\"61c8ee5\" data-element_type=\"column\">\n\t\t\t<div class=\"elementor-widget-wrap elementor-element-populated\">\n\t\t\t\t\t\t<div class=\"elementor-element elementor-element-294dab2 elementor-widget elementor-widget-text-editor\" data-id=\"294dab2\" data-element_type=\"widget\" data-widget_type=\"text-editor.default\">\n\t\t\t\t<div class=\"elementor-widget-container\">\n\t\t\t\t\t\t\t\t\t<p>Turtles always need to provide both radiation at home <strong>UVA i UVB<\/strong>. Jak\u00fdm zp\u016fsobem si to za\u0159\u00edd\u00edte, je jen na v\u00e1s. S mo\u017enou kombinac\u00ed v\u00e1m porad\u00ed ve specializovan\u00e9m obchod\u011b.\u00a0Pro p\u0159edstavu, nab\u00edz\u00edme mo\u017enosti nap\u0159.:<\/p>\t\t\t\t\t\t\t\t<\/div>\n\t\t\t\t<\/div>\n\t\t\t\t\t<\/div>\n\t\t<\/div>\n\t\t\t\t\t<\/div>\n\t\t<\/section>\n\t\t\t\t<section class=\"elementor-section elementor-top-section elementor-element elementor-element-8ef86b5 elementor-section-boxed elementor-section-height-default elementor-section-height-default\" data-id=\"8ef86b5\" data-element_type=\"section\">\n\t\t\t\t\t\t<div class=\"elementor-container elementor-column-gap-default\">\n\t\t\t\t\t<div class=\"elementor-column elementor-col-100 elementor-top-column elementor-element elementor-element-81d78a7\" data-id=\"81d78a7\" data-element_type=\"column\">\n\t\t\t<div class=\"elementor-widget-wrap elementor-element-populated\">\n\t\t\t\t\t\t<div class=\"elementor-element elementor-element-ad86e6e elementor-widget elementor-widget-text-editor\" data-id=\"ad86e6e\" data-element_type=\"widget\" data-widget_type=\"text-editor.default\">\n\t\t\t\t<div class=\"elementor-widget-container\">\n\t\t\t\t\t\t\t\t\t<p><strong style=\"color: var( --e-global-color-text ); font-family: var( --e-global-typography-text-font-family ), Sans-serif;\">For daytime running lights (UVA) 10-12 hours a day<\/strong><span style=\"text-decoration-line: underline; color: var( --e-global-color-text ); font-family: var( --e-global-typography-text-font-family ), Sans-serif; font-weight: var( --e-global-typography-text-font-weight );\"> according to the time of year there are, for example, the following options:<\/span><\/p><ul><li><strong>Narva Biobital (UVA) 6000K full spectrum linear fluorescent lamp<\/strong> Tube markings 865,958,965 or<\/li><li>more expensive halogen lamp, which must be connected via a ballast. It is a more expensive variant, but a perfect source of visible UVA radiation <strong>SunLux Daylight\u00a0 <\/strong>or daytime running lamp. Never LED lighting with blue light.<\/li><li>The cheapest variant could be ordinary fluorescent tubes T8 or T5 (about once a year, according to your operation, UV fluorescent lamps and lamps should be replaced, because UV is weakening - read the instructions)<\/li><\/ul>\t\t\t\t\t\t\t\t<\/div>\n\t\t\t\t<\/div>\n\t\t\t\t<div class=\"elementor-element elementor-element-829ab78 elementor-widget elementor-widget-text-editor\" data-id=\"829ab78\" data-element_type=\"widget\" data-widget_type=\"text-editor.default\">\n\t\t\t\t<div class=\"elementor-widget-container\">\n\t\t\t\t\t\t\t\t\t<p><strong style=\"color: var( --e-global-color-text ); font-family: var( --e-global-typography-text-font-family ), Sans-serif;\">UVB radiation - sun for heating turtles) and vitamin D3 8-10 hours a day:<\/strong><\/p><ul><li>Spot light as a 40-60w heat source.<\/li><li><strong>SUNLUX UV 35W PAR30 (UVB i UVA)<\/strong> necessary with the ballast - place the lamp on one side of the terrarium (37-45 degrees) so that the turtles have the opportunity on the other side of the terrarium to be in the colder part (20-24 degrees).<\/li><li>Lucky Reptile halogen sun mini 35W, 50W according to terrarium size<ul><li>There are a lot of other brands Osram Ultra, Ultra Vitalux, Repti Glo, .. but the best is also with the news<br \/>best advice eg on www.terasvet.<\/li><li><span style=\"color: var( --e-global-color-text ); font-family: var( --e-global-typography-text-font-family ), Sans-serif; font-weight: var( --e-global-typography-text-font-weight );\">If UVB lighting is lacking for a long time, there is no metabolism, and the turtle's body is not able to sufficiently absorb and absorb calcium. The result is usually deformation of the carapace to death.<\/span><\/li><li>Never give heating from below, heating stones are harmful!<\/li><\/ul><\/li><\/ul>\t\t\t\t\t\t\t\t<\/div>\n\t\t\t\t<\/div>\n\t\t\t\t\t<\/div>\n\t\t<\/div>\n\t\t\t\t\t<\/div>\n\t\t<\/section>\n\t\t\t\t<\/div>\n\t\t<h3>Souvisej\u00edc\u00ed obr\u00e1zky:<\/h3>","protected":false},"excerpt":{"rendered":"<p>PODEST\u00ddLKA Pro \u017eelv\u00ed mim\u010da doma v ter\u00e1riu se ur\u010dit\u011b hod\u00ed vlhk\u00e9 hobliny bezpra\u0161n\u00e9\u00a0 Po zm\u00e1\u010dknut\u00ed [&hellip;]<\/p>","protected":false},"author":2,"featured_media":0,"parent":2443,"menu_order":0,"comment_status":"closed","ping_status":"closed","template":"","meta":{"ngg_post_thumbnail":0,"footnotes":""},"class_list":["post-2477","page","type-page","status-publish","hentry"],"yoast_head":"<!-- This site is optimized with the Yoast SEO plugin v25.6 - https:\/\/yoast.com\/wordpress\/plugins\/seo\/ -->\n<title>Podest\u00fdlka a osv\u011btlen\u00ed - Bohemia Opus<\/title>\n<meta name=\"robots\" content=\"index, follow, max-snippet:-1, max-image-preview:large, max-video-preview:-1\" \/>\n<link rel=\"canonical\" href=\"https:\/\/bohemiaopus.cz\/en\/zelvy\/podestylka-a-osvetleni\/\" \/>\n<meta property=\"og:locale\" content=\"en_GB\" \/>\n<meta property=\"og:type\" content=\"article\" \/>\n<meta property=\"og:title\" content=\"Podest\u00fdlka a osv\u011btlen\u00ed - Bohemia Opus\" \/>\n<meta property=\"og:description\" content=\"PODEST\u00ddLKA Pro \u017eelv\u00ed mim\u010da doma v ter\u00e1riu se ur\u010dit\u011b hod\u00ed vlhk\u00e9 hobliny bezpra\u0161n\u00e9\u00a0 Po zm\u00e1\u010dknut\u00ed [&hellip;]\" \/>\n<meta property=\"og:url\" content=\"https:\/\/bohemiaopus.cz\/en\/zelvy\/podestylka-a-osvetleni\/\" \/>\n<meta property=\"og:site_name\" content=\"Bohemia Opus\" \/>\n<meta property=\"article:publisher\" content=\"https:\/\/www.facebook.com\/marcela.pobudova\/\" \/>\n<meta property=\"article:modified_time\" content=\"2022-09-14T12:58:43+00:00\" \/>\n<meta name=\"twitter:card\" content=\"summary_large_image\" \/>\n<meta name=\"twitter:label1\" content=\"Estimated reading time\" \/>\n\t<meta name=\"twitter:data1\" content=\"3 minutes\" \/>\n<script type=\"application\/ld+json\" class=\"yoast-schema-graph\">{\"@context\":\"https:\/\/schema.org\",\"@graph\":[{\"@type\":\"WebPage\",\"@id\":\"https:\/\/bohemiaopus.cz\/zelvy\/podestylka-a-osvetleni\/\",\"url\":\"https:\/\/bohemiaopus.cz\/zelvy\/podestylka-a-osvetleni\/\",\"name\":\"Podest\u00fdlka a osv\u011btlen\u00ed - Bohemia Opus\",\"isPartOf\":{\"@id\":\"https:\/\/bohemiaopus.cz\/#website\"},\"datePublished\":\"2022-03-08T18:46:54+00:00\",\"dateModified\":\"2022-09-14T12:58:43+00:00\",\"breadcrumb\":{\"@id\":\"https:\/\/bohemiaopus.cz\/zelvy\/podestylka-a-osvetleni\/#breadcrumb\"},\"inLanguage\":\"en-GB\",\"potentialAction\":[{\"@type\":\"ReadAction\",\"target\":[\"https:\/\/bohemiaopus.cz\/zelvy\/podestylka-a-osvetleni\/\"]}]},{\"@type\":\"BreadcrumbList\",\"@id\":\"https:\/\/bohemiaopus.cz\/zelvy\/podestylka-a-osvetleni\/#breadcrumb\",\"itemListElement\":[{\"@type\":\"ListItem\",\"position\":1,\"name\":\"Dom\u016f\",\"item\":\"https:\/\/bohemiaopus.cz\/\"},{\"@type\":\"ListItem\",\"position\":2,\"name\":\"\u017delvy\",\"item\":\"https:\/\/bohemiaopus.cz\/zelvy\/\"},{\"@type\":\"ListItem\",\"position\":3,\"name\":\"Podest\u00fdlka a osv\u011btlen\u00ed\"}]},{\"@type\":\"WebSite\",\"@id\":\"https:\/\/bohemiaopus.cz\/#website\",\"url\":\"https:\/\/bohemiaopus.cz\/\",\"name\":\"CHS Bohemia Opus Bedlington Terrier\",\"description\":\"CHS bedlington teri\u00e9r FCI\",\"potentialAction\":[{\"@type\":\"SearchAction\",\"target\":{\"@type\":\"EntryPoint\",\"urlTemplate\":\"https:\/\/bohemiaopus.cz\/?s={search_term_string}\"},\"query-input\":{\"@type\":\"PropertyValueSpecification\",\"valueRequired\":true,\"valueName\":\"search_term_string\"}}],\"inLanguage\":\"en-GB\"}]}<\/script>\n<!-- \/ Yoast SEO plugin. -->","yoast_head_json":{"title":"Podest\u00fdlka a osv\u011btlen\u00ed - Bohemia Opus","robots":{"index":"index","follow":"follow","max-snippet":"max-snippet:-1","max-image-preview":"max-image-preview:large","max-video-preview":"max-video-preview:-1"},"canonical":"https:\/\/bohemiaopus.cz\/en\/zelvy\/podestylka-a-osvetleni\/","og_locale":"en_GB","og_type":"article","og_title":"Podest\u00fdlka a osv\u011btlen\u00ed - Bohemia Opus","og_description":"PODEST\u00ddLKA Pro \u017eelv\u00ed mim\u010da doma v ter\u00e1riu se ur\u010dit\u011b hod\u00ed vlhk\u00e9 hobliny bezpra\u0161n\u00e9\u00a0 Po zm\u00e1\u010dknut\u00ed [&hellip;]","og_url":"https:\/\/bohemiaopus.cz\/en\/zelvy\/podestylka-a-osvetleni\/","og_site_name":"Bohemia Opus","article_publisher":"https:\/\/www.facebook.com\/marcela.pobudova\/","article_modified_time":"2022-09-14T12:58:43+00:00","twitter_card":"summary_large_image","twitter_misc":{"Estimated reading time":"3 minutes"},"schema":{"@context":"https:\/\/schema.org","@graph":[{"@type":"WebPage","@id":"https:\/\/bohemiaopus.cz\/zelvy\/podestylka-a-osvetleni\/","url":"https:\/\/bohemiaopus.cz\/zelvy\/podestylka-a-osvetleni\/","name":"Podest\u00fdlka a osv\u011btlen\u00ed - Bohemia Opus","isPartOf":{"@id":"https:\/\/bohemiaopus.cz\/#website"},"datePublished":"2022-03-08T18:46:54+00:00","dateModified":"2022-09-14T12:58:43+00:00","breadcrumb":{"@id":"https:\/\/bohemiaopus.cz\/zelvy\/podestylka-a-osvetleni\/#breadcrumb"},"inLanguage":"en-GB","potentialAction":[{"@type":"ReadAction","target":["https:\/\/bohemiaopus.cz\/zelvy\/podestylka-a-osvetleni\/"]}]},{"@type":"BreadcrumbList","@id":"https:\/\/bohemiaopus.cz\/zelvy\/podestylka-a-osvetleni\/#breadcrumb","itemListElement":[{"@type":"ListItem","position":1,"name":"Dom\u016f","item":"https:\/\/bohemiaopus.cz\/"},{"@type":"ListItem","position":2,"name":"\u017delvy","item":"https:\/\/bohemiaopus.cz\/zelvy\/"},{"@type":"ListItem","position":3,"name":"Podest\u00fdlka a osv\u011btlen\u00ed"}]},{"@type":"WebSite","@id":"https:\/\/bohemiaopus.cz\/#website","url":"https:\/\/bohemiaopus.cz\/","name":"CHS Bohemia Opus Bedlington Terrier","description":"Bedlington Terrier kennel FCI","potentialAction":[{"@type":"SearchAction","target":{"@type":"EntryPoint","urlTemplate":"https:\/\/bohemiaopus.cz\/?s={search_term_string}"},"query-input":{"@type":"PropertyValueSpecification","valueRequired":true,"valueName":"search_term_string"}}],"inLanguage":"en-GB"}]}},"_links":{"self":[{"href":"https:\/\/bohemiaopus.cz\/en\/wp-json\/wp\/v2\/pages\/2477","targetHints":{"allow":["GET"]}}],"collection":[{"href":"https:\/\/bohemiaopus.cz\/en\/wp-json\/wp\/v2\/pages"}],"about":[{"href":"https:\/\/bohemiaopus.cz\/en\/wp-json\/wp\/v2\/types\/page"}],"author":[{"embeddable":true,"href":"https:\/\/bohemiaopus.cz\/en\/wp-json\/wp\/v2\/users\/2"}],"replies":[{"embeddable":true,"href":"https:\/\/bohemiaopus.cz\/en\/wp-json\/wp\/v2\/comments?post=2477"}],"version-history":[{"count":0,"href":"https:\/\/bohemiaopus.cz\/en\/wp-json\/wp\/v2\/pages\/2477\/revisions"}],"up":[{"embeddable":true,"href":"https:\/\/bohemiaopus.cz\/en\/wp-json\/wp\/v2\/pages\/2443"}],"wp:attachment":[{"href":"https:\/\/bohemiaopus.cz\/en\/wp-json\/wp\/v2\/media?parent=2477"}],"curies":[{"name":"wp","href":"https:\/\/api.w.org\/{rel}","templated":true}]}}