{"id":2479,"date":"2022-03-08T18:47:20","date_gmt":"2022-03-08T18:47:20","guid":{"rendered":"https:\/\/bohemiaopus.cz\/?page_id=2479"},"modified":"2022-09-14T12:50:40","modified_gmt":"2022-09-14T12:50:40","slug":"krmeni","status":"publish","type":"page","link":"https:\/\/bohemiaopus.cz\/en\/zelvy\/krmeni\/","title":{"rendered":"Feeding"},"content":{"rendered":"<div data-elementor-type=\"wp-page\" data-elementor-id=\"2479\" class=\"elementor elementor-2479\">\n\t\t\t\t\t\t<section class=\"elementor-section elementor-top-section elementor-element elementor-element-2099fe0 elementor-section-boxed elementor-section-height-default elementor-section-height-default\" data-id=\"2099fe0\" data-element_type=\"section\">\n\t\t\t\t\t\t<div class=\"elementor-container elementor-column-gap-default\">\n\t\t\t\t\t<div class=\"elementor-column elementor-col-100 elementor-top-column elementor-element elementor-element-102a6e2\" data-id=\"102a6e2\" data-element_type=\"column\">\n\t\t\t<div class=\"elementor-widget-wrap elementor-element-populated\">\n\t\t\t\t\t\t<div class=\"elementor-element elementor-element-c8a65d6 elementor-widget elementor-widget-heading\" data-id=\"c8a65d6\" data-element_type=\"widget\" data-widget_type=\"heading.default\">\n\t\t\t\t<div class=\"elementor-widget-container\">\n\t\t\t\t\t<h2 class=\"elementor-heading-title elementor-size-medium\">FEEDING TERRESTRIAL TURTLE TESTUDO MARGINATA<\/h2>\t\t\t\t<\/div>\n\t\t\t\t<\/div>\n\t\t\t\t\t<\/div>\n\t\t<\/div>\n\t\t\t\t\t<\/div>\n\t\t<\/section>\n\t\t\t\t<section class=\"elementor-section elementor-top-section elementor-element elementor-element-bbe99aa elementor-section-boxed elementor-section-height-default elementor-section-height-default\" data-id=\"bbe99aa\" data-element_type=\"section\">\n\t\t\t\t\t\t<div class=\"elementor-container elementor-column-gap-default\">\n\t\t\t\t\t<div class=\"elementor-column elementor-col-100 elementor-top-column elementor-element elementor-element-eefa967\" data-id=\"eefa967\" data-element_type=\"column\">\n\t\t\t<div class=\"elementor-widget-wrap elementor-element-populated\">\n\t\t\t\t\t\t<div class=\"elementor-element elementor-element-9310bd4 elementor-widget elementor-widget-text-editor\" data-id=\"9310bd4\" data-element_type=\"widget\" data-widget_type=\"text-editor.default\">\n\t\t\t\t<div class=\"elementor-widget-container\">\n\t\t\t\t\t\t\t\t\t<ul><li><strong>bowl of water<\/strong> (Some breeders do not even recommend a bowl of water, but it must be<\/li><li><strong>sufficient humidity ensured.<\/strong><br \/>are breeders who bathe their turtles 1-2 times a week at room temperature to drink and empty for about 10 minutes in room temperature water so that they have their heads above the water.<br \/>(There is usually only 1-2 cm of water in the container, depending on the size of the turtles.) Then there are breeders who do not recommend bathing the turtles, because it disturbs them\u2026<\/li><li><strong>crushed shells, cuttlefish bone<\/strong> crushed shells, cuttlefish bone<\/li><\/ul>\t\t\t\t\t\t\t\t<\/div>\n\t\t\t\t<\/div>\n\t\t\t\t\t<\/div>\n\t\t<\/div>\n\t\t\t\t\t<\/div>\n\t\t<\/section>\n\t\t\t\t<section class=\"elementor-section elementor-top-section elementor-element elementor-element-d82206f elementor-section-boxed elementor-section-height-default elementor-section-height-default\" data-id=\"d82206f\" data-element_type=\"section\">\n\t\t\t\t\t\t<div class=\"elementor-container elementor-column-gap-default\">\n\t\t\t\t\t<div class=\"elementor-column elementor-col-100 elementor-top-column elementor-element elementor-element-379578f\" data-id=\"379578f\" data-element_type=\"column\">\n\t\t\t<div class=\"elementor-widget-wrap elementor-element-populated\">\n\t\t\t\t\t\t<div class=\"elementor-element elementor-element-fbdba82 elementor-widget-divider--view-line elementor-widget elementor-widget-divider\" data-id=\"fbdba82\" data-element_type=\"widget\" data-widget_type=\"divider.default\">\n\t\t\t\t<div class=\"elementor-widget-container\">\n\t\t\t\t\t\t\t<div class=\"elementor-divider\">\n\t\t\t<span class=\"elementor-divider-separator\">\n\t\t\t\t\t\t<\/span>\n\t\t<\/div>\n\t\t\t\t\t\t<\/div>\n\t\t\t\t<\/div>\n\t\t\t\t\t<\/div>\n\t\t<\/div>\n\t\t\t\t\t<\/div>\n\t\t<\/section>\n\t\t\t\t<section class=\"elementor-section elementor-top-section elementor-element elementor-element-dcffa77 elementor-section-boxed elementor-section-height-default elementor-section-height-default\" data-id=\"dcffa77\" data-element_type=\"section\">\n\t\t\t\t\t\t<div class=\"elementor-container elementor-column-gap-default\">\n\t\t\t\t\t<div class=\"elementor-column elementor-col-50 elementor-top-column elementor-element elementor-element-f2813d4\" data-id=\"f2813d4\" data-element_type=\"column\">\n\t\t\t<div class=\"elementor-widget-wrap elementor-element-populated\">\n\t\t\t\t\t\t<div class=\"elementor-element elementor-element-ef4a2f5 elementor-widget elementor-widget-heading\" data-id=\"ef4a2f5\" data-element_type=\"widget\" data-widget_type=\"heading.default\">\n\t\t\t\t<div class=\"elementor-widget-container\">\n\t\t\t\t\t<h2 class=\"elementor-heading-title elementor-size-medium\">SPRING SUMMER AUTUMN<\/h2>\t\t\t\t<\/div>\n\t\t\t\t<\/div>\n\t\t\t\t<div class=\"elementor-element elementor-element-abf44b8 elementor-widget elementor-widget-text-editor\" data-id=\"abf44b8\" data-element_type=\"widget\" data-widget_type=\"text-editor.default\">\n\t\t\t\t<div class=\"elementor-widget-container\">\n\t\t\t\t\t\t\t\t\t<p><strong>Meadow grass<\/strong><\/p>\n<ul>\n<li><strong>butterbur (dandelion), clover<\/strong>, thistles, deafblinds, birdie ..,<\/li>\n<li>outdoor Syrian hibiscus, African violets in a pot, succulents, stonecrops, Aloe, Prickly pear without thorns, leaves of strawberry, raspberry, blackberry, wine - NON-FERTILIZED<\/li><\/ul><ul>\n<\/ul>\t\t\t\t\t\t\t\t<\/div>\n\t\t\t\t<\/div>\n\t\t\t\t<div class=\"elementor-element elementor-element-3c177f7 elementor-widget elementor-widget-text-editor\" data-id=\"3c177f7\" data-element_type=\"widget\" data-widget_type=\"text-editor.default\">\n\t\t\t\t<div class=\"elementor-widget-container\">\n\t\t\t\t\t\t\t\t\t<p><strong style=\"color: var( --e-global-color-text ); font-family: var( --e-global-typography-text-font-family ), Sans-serif;\">Additional<\/strong><br><\/p>\n<ul>\n<li>Strawberries, raspberries, blueberries, watermelon, cherries, apricots, plums, apples<\/li>\n<li>Cucumbers, carrots, pumpkins,<\/li>\n<li>Dried fish<\/li>\n<\/ul>\t\t\t\t\t\t\t\t<\/div>\n\t\t\t\t<\/div>\n\t\t\t\t\t<\/div>\n\t\t<\/div>\n\t\t\t\t<div class=\"elementor-column elementor-col-50 elementor-top-column elementor-element elementor-element-ab53a50\" data-id=\"ab53a50\" data-element_type=\"column\">\n\t\t\t<div class=\"elementor-widget-wrap elementor-element-populated\">\n\t\t\t\t\t\t<div class=\"elementor-element elementor-element-84b4640 elementor-widget elementor-widget-heading\" data-id=\"84b4640\" data-element_type=\"widget\" data-widget_type=\"heading.default\">\n\t\t\t\t<div class=\"elementor-widget-container\">\n\t\t\t\t\t<h2 class=\"elementor-heading-title elementor-size-medium\">WINTER<\/h2>\t\t\t\t<\/div>\n\t\t\t\t<\/div>\n\t\t\t\t<div class=\"elementor-element elementor-element-b0a5c57 elementor-widget elementor-widget-text-editor\" data-id=\"b0a5c57\" data-element_type=\"widget\" data-widget_type=\"text-editor.default\">\n\t\t\t\t<div class=\"elementor-widget-container\">\n\t\t\t\t\t\t\t\t\t<ul><li><strong>Chinese cabbage<\/strong>, chicory, Roman salad, Pak choi<\/li><li>Occasionally - cornflower, arugula, Christmas cactus, Callisia fragrans i repens, greens, fuchsia,<\/li><li>Meadow hay - alpine from Agrobs - PreAlpin (best to dry dandelion and clover of your own during the summer)<br \/>The recommendation is a fasting 1-2 times a week. If it grows too fast, limit feeding (smaller portions)<\/li><\/ul><p>Finding suitable plants for turtles:<\/p><ul><li><a href=\"https:\/\/thetortoisetable.org.uk\/\">https:\/\/thetortoisetable.org.uk\/<\/a><\/li><\/ul>\t\t\t\t\t\t\t\t<\/div>\n\t\t\t\t<\/div>\n\t\t\t\t\t<\/div>\n\t\t<\/div>\n\t\t\t\t\t<\/div>\n\t\t<\/section>\n\t\t\t\t<\/div>\n\t\t<h3>Souvisej\u00edc\u00ed obr\u00e1zky:<\/h3>","protected":false},"excerpt":{"rendered":"<p>KRMEN\u00cd SUCHOZEMSK\u00ddCH \u017dELV TESTUDO MARGINATA miska s vodou (n\u011bkte\u0159\u00ed chovatel\u00e9 misku s vodou ani nedoporu\u010duj\u00ed, [&hellip;]<\/p>","protected":false},"author":2,"featured_media":0,"parent":2443,"menu_order":0,"comment_status":"closed","ping_status":"closed","template":"","meta":{"ngg_post_thumbnail":0,"footnotes":""},"class_list":["post-2479","page","type-page","status-publish","hentry"],"yoast_head":"<!-- This site is optimized with the Yoast SEO plugin v25.6 - https:\/\/yoast.com\/wordpress\/plugins\/seo\/ -->\n<title>Krmen\u00ed - Bohemia Opus<\/title>\n<meta name=\"robots\" content=\"index, follow, max-snippet:-1, max-image-preview:large, max-video-preview:-1\" \/>\n<link rel=\"canonical\" href=\"https:\/\/bohemiaopus.cz\/en\/zelvy\/krmeni\/\" \/>\n<meta property=\"og:locale\" content=\"en_GB\" \/>\n<meta property=\"og:type\" content=\"article\" \/>\n<meta property=\"og:title\" content=\"Krmen\u00ed - Bohemia Opus\" \/>\n<meta property=\"og:description\" content=\"KRMEN\u00cd SUCHOZEMSK\u00ddCH \u017dELV TESTUDO MARGINATA miska s vodou (n\u011bkte\u0159\u00ed chovatel\u00e9 misku s vodou ani nedoporu\u010duj\u00ed, [&hellip;]\" \/>\n<meta property=\"og:url\" content=\"https:\/\/bohemiaopus.cz\/en\/zelvy\/krmeni\/\" \/>\n<meta property=\"og:site_name\" content=\"Bohemia Opus\" \/>\n<meta property=\"article:publisher\" content=\"https:\/\/www.facebook.com\/marcela.pobudova\/\" \/>\n<meta property=\"article:modified_time\" content=\"2022-09-14T12:50:40+00:00\" \/>\n<meta name=\"twitter:card\" content=\"summary_large_image\" \/>\n<meta name=\"twitter:label1\" content=\"Estimated reading time\" \/>\n\t<meta name=\"twitter:data1\" content=\"2 minutes\" \/>\n<script type=\"application\/ld+json\" class=\"yoast-schema-graph\">{\"@context\":\"https:\/\/schema.org\",\"@graph\":[{\"@type\":\"WebPage\",\"@id\":\"https:\/\/bohemiaopus.cz\/zelvy\/krmeni\/\",\"url\":\"https:\/\/bohemiaopus.cz\/zelvy\/krmeni\/\",\"name\":\"Krmen\u00ed - Bohemia Opus\",\"isPartOf\":{\"@id\":\"https:\/\/bohemiaopus.cz\/#website\"},\"datePublished\":\"2022-03-08T18:47:20+00:00\",\"dateModified\":\"2022-09-14T12:50:40+00:00\",\"breadcrumb\":{\"@id\":\"https:\/\/bohemiaopus.cz\/zelvy\/krmeni\/#breadcrumb\"},\"inLanguage\":\"en-GB\",\"potentialAction\":[{\"@type\":\"ReadAction\",\"target\":[\"https:\/\/bohemiaopus.cz\/zelvy\/krmeni\/\"]}]},{\"@type\":\"BreadcrumbList\",\"@id\":\"https:\/\/bohemiaopus.cz\/zelvy\/krmeni\/#breadcrumb\",\"itemListElement\":[{\"@type\":\"ListItem\",\"position\":1,\"name\":\"Dom\u016f\",\"item\":\"https:\/\/bohemiaopus.cz\/\"},{\"@type\":\"ListItem\",\"position\":2,\"name\":\"\u017delvy\",\"item\":\"https:\/\/bohemiaopus.cz\/zelvy\/\"},{\"@type\":\"ListItem\",\"position\":3,\"name\":\"Krmen\u00ed\"}]},{\"@type\":\"WebSite\",\"@id\":\"https:\/\/bohemiaopus.cz\/#website\",\"url\":\"https:\/\/bohemiaopus.cz\/\",\"name\":\"CHS Bohemia Opus Bedlington Terrier\",\"description\":\"CHS bedlington teri\u00e9r FCI\",\"potentialAction\":[{\"@type\":\"SearchAction\",\"target\":{\"@type\":\"EntryPoint\",\"urlTemplate\":\"https:\/\/bohemiaopus.cz\/?s={search_term_string}\"},\"query-input\":{\"@type\":\"PropertyValueSpecification\",\"valueRequired\":true,\"valueName\":\"search_term_string\"}}],\"inLanguage\":\"en-GB\"}]}<\/script>\n<!-- \/ Yoast SEO plugin. -->","yoast_head_json":{"title":"Krmen\u00ed - Bohemia Opus","robots":{"index":"index","follow":"follow","max-snippet":"max-snippet:-1","max-image-preview":"max-image-preview:large","max-video-preview":"max-video-preview:-1"},"canonical":"https:\/\/bohemiaopus.cz\/en\/zelvy\/krmeni\/","og_locale":"en_GB","og_type":"article","og_title":"Krmen\u00ed - Bohemia Opus","og_description":"KRMEN\u00cd SUCHOZEMSK\u00ddCH \u017dELV TESTUDO MARGINATA miska s vodou (n\u011bkte\u0159\u00ed chovatel\u00e9 misku s vodou ani nedoporu\u010duj\u00ed, [&hellip;]","og_url":"https:\/\/bohemiaopus.cz\/en\/zelvy\/krmeni\/","og_site_name":"Bohemia Opus","article_publisher":"https:\/\/www.facebook.com\/marcela.pobudova\/","article_modified_time":"2022-09-14T12:50:40+00:00","twitter_card":"summary_large_image","twitter_misc":{"Estimated reading time":"2 minutes"},"schema":{"@context":"https:\/\/schema.org","@graph":[{"@type":"WebPage","@id":"https:\/\/bohemiaopus.cz\/zelvy\/krmeni\/","url":"https:\/\/bohemiaopus.cz\/zelvy\/krmeni\/","name":"Krmen\u00ed - Bohemia Opus","isPartOf":{"@id":"https:\/\/bohemiaopus.cz\/#website"},"datePublished":"2022-03-08T18:47:20+00:00","dateModified":"2022-09-14T12:50:40+00:00","breadcrumb":{"@id":"https:\/\/bohemiaopus.cz\/zelvy\/krmeni\/#breadcrumb"},"inLanguage":"en-GB","potentialAction":[{"@type":"ReadAction","target":["https:\/\/bohemiaopus.cz\/zelvy\/krmeni\/"]}]},{"@type":"BreadcrumbList","@id":"https:\/\/bohemiaopus.cz\/zelvy\/krmeni\/#breadcrumb","itemListElement":[{"@type":"ListItem","position":1,"name":"Dom\u016f","item":"https:\/\/bohemiaopus.cz\/"},{"@type":"ListItem","position":2,"name":"\u017delvy","item":"https:\/\/bohemiaopus.cz\/zelvy\/"},{"@type":"ListItem","position":3,"name":"Krmen\u00ed"}]},{"@type":"WebSite","@id":"https:\/\/bohemiaopus.cz\/#website","url":"https:\/\/bohemiaopus.cz\/","name":"CHS Bohemia Opus Bedlington Terrier","description":"Bedlington Terrier kennel FCI","potentialAction":[{"@type":"SearchAction","target":{"@type":"EntryPoint","urlTemplate":"https:\/\/bohemiaopus.cz\/?s={search_term_string}"},"query-input":{"@type":"PropertyValueSpecification","valueRequired":true,"valueName":"search_term_string"}}],"inLanguage":"en-GB"}]}},"_links":{"self":[{"href":"https:\/\/bohemiaopus.cz\/en\/wp-json\/wp\/v2\/pages\/2479","targetHints":{"allow":["GET"]}}],"collection":[{"href":"https:\/\/bohemiaopus.cz\/en\/wp-json\/wp\/v2\/pages"}],"about":[{"href":"https:\/\/bohemiaopus.cz\/en\/wp-json\/wp\/v2\/types\/page"}],"author":[{"embeddable":true,"href":"https:\/\/bohemiaopus.cz\/en\/wp-json\/wp\/v2\/users\/2"}],"replies":[{"embeddable":true,"href":"https:\/\/bohemiaopus.cz\/en\/wp-json\/wp\/v2\/comments?post=2479"}],"version-history":[{"count":0,"href":"https:\/\/bohemiaopus.cz\/en\/wp-json\/wp\/v2\/pages\/2479\/revisions"}],"up":[{"embeddable":true,"href":"https:\/\/bohemiaopus.cz\/en\/wp-json\/wp\/v2\/pages\/2443"}],"wp:attachment":[{"href":"https:\/\/bohemiaopus.cz\/en\/wp-json\/wp\/v2\/media?parent=2479"}],"curies":[{"name":"wp","href":"https:\/\/api.w.org\/{rel}","templated":true}]}}