{"id":2481,"date":"2022-03-08T18:47:51","date_gmt":"2022-03-08T18:47:51","guid":{"rendered":"https:\/\/bohemiaopus.cz\/?page_id=2481"},"modified":"2022-09-14T12:55:06","modified_gmt":"2022-09-14T12:55:06","slug":"zimovani","status":"publish","type":"page","link":"https:\/\/bohemiaopus.cz\/en\/zelvy\/zimovani\/","title":{"rendered":"Wintering"},"content":{"rendered":"<div data-elementor-type=\"wp-page\" data-elementor-id=\"2481\" class=\"elementor elementor-2481\">\n\t\t\t\t\t\t<section class=\"elementor-section elementor-top-section elementor-element elementor-element-1f2764d elementor-section-boxed elementor-section-height-default elementor-section-height-default\" data-id=\"1f2764d\" data-element_type=\"section\">\n\t\t\t\t\t\t<div class=\"elementor-container elementor-column-gap-default\">\n\t\t\t\t\t<div class=\"elementor-column elementor-col-100 elementor-top-column elementor-element elementor-element-2a2246a\" data-id=\"2a2246a\" data-element_type=\"column\">\n\t\t\t<div class=\"elementor-widget-wrap elementor-element-populated\">\n\t\t\t\t\t\t<div class=\"elementor-element elementor-element-f91f928 elementor-widget elementor-widget-heading\" data-id=\"f91f928\" data-element_type=\"widget\" data-widget_type=\"heading.default\">\n\t\t\t\t<div class=\"elementor-widget-container\">\n\t\t\t\t\t<h2 class=\"elementor-heading-title elementor-size-medium\">WINTER - HIBERNATION TURTLE TURTLE<\/h2>\t\t\t\t<\/div>\n\t\t\t\t<\/div>\n\t\t\t\t\t<\/div>\n\t\t<\/div>\n\t\t\t\t\t<\/div>\n\t\t<\/section>\n\t\t\t\t<section class=\"elementor-section elementor-top-section elementor-element elementor-element-8b6e1dc elementor-section-boxed elementor-section-height-default elementor-section-height-default\" data-id=\"8b6e1dc\" data-element_type=\"section\">\n\t\t\t\t\t\t<div class=\"elementor-container elementor-column-gap-default\">\n\t\t\t\t\t<div class=\"elementor-column elementor-col-100 elementor-top-column elementor-element elementor-element-e60cd12\" data-id=\"e60cd12\" data-element_type=\"column\">\n\t\t\t<div class=\"elementor-widget-wrap elementor-element-populated\">\n\t\t\t\t\t\t<div class=\"elementor-element elementor-element-1866c79 elementor-widget elementor-widget-text-editor\" data-id=\"1866c79\" data-element_type=\"widget\" data-widget_type=\"text-editor.default\">\n\t\t\t\t<div class=\"elementor-widget-container\">\n\t\t\t\t\t\t\t\t\t<ul>\n \t<li><span style=\"background-color: #ddf0c8;\">WE WIN THE TURTLE<\/span>, only when she is healthy (she ate, had regular gains)<\/li>\n<\/ul>\t\t\t\t\t\t\t\t<\/div>\n\t\t\t\t<\/div>\n\t\t\t\t\t<\/div>\n\t\t<\/div>\n\t\t\t\t\t<\/div>\n\t\t<\/section>\n\t\t\t\t<section class=\"elementor-section elementor-top-section elementor-element elementor-element-e0a0c17 elementor-section-boxed elementor-section-height-default elementor-section-height-default\" data-id=\"e0a0c17\" data-element_type=\"section\">\n\t\t\t\t\t\t<div class=\"elementor-container elementor-column-gap-default\">\n\t\t\t\t\t<div class=\"elementor-column elementor-col-100 elementor-top-column elementor-element elementor-element-0b5ff9e\" data-id=\"0b5ff9e\" data-element_type=\"column\">\n\t\t\t<div class=\"elementor-widget-wrap elementor-element-populated\">\n\t\t\t\t\t\t<div class=\"elementor-element elementor-element-c54f722 elementor-widget elementor-widget-text-editor\" data-id=\"c54f722\" data-element_type=\"widget\" data-widget_type=\"text-editor.default\">\n\t\t\t\t<div class=\"elementor-widget-container\">\n\t\t\t\t\t\t\t\t\t<ul><li><span style=\"background-color: #ddf0c8;\">TURTLES ARE NATURALLY WINTERED FROM THE OUTDOOR enclosure<\/span>, as the temperature gradually drops in the autumn, the turtles usually stop eating on their own at the end of August. And when the shed is less than 5 \u00b0 C, the turtles, if the shed is not properly insulated and tempered, move to a room where the temperature is maintained around 3-6 \u00b0 C throughout the winter or put them in the refrigerator by the breeders.<br \/>They are stored in boxes with straw or soil with sand, damp shavings\u2026 To be safe, cover with rodent mesh. Check turtles regularly!<br \/>N\u011bkte\u0159\u00ed chovatel\u00e9 p\u0159ed zimov\u00e1n\u00edm n\u011bkdy na konci l\u00e9ta \u017eelvi\u010dky je\u0161t\u011b vykoupou, aby se vypr\u00e1zdnily.<\/li><\/ul>\t\t\t\t\t\t\t\t<\/div>\n\t\t\t\t<\/div>\n\t\t\t\t<div class=\"elementor-element elementor-element-9f7b637 elementor-widget elementor-widget-text-editor\" data-id=\"9f7b637\" data-element_type=\"widget\" data-widget_type=\"text-editor.default\">\n\t\t\t\t<div class=\"elementor-widget-container\">\n\t\t\t\t\t\t\t\t\t<ul><li><span style=\"color: var( --e-global-color-text ); font-family: var( --e-global-typography-text-font-family ), Sans-serif; font-weight: var( --e-global-typography-text-font-weight ); background-color: #ddf0c8;\">WINTER TIME<\/span><span style=\"color: var( --e-global-color-text ); font-family: var( --e-global-typography-text-font-family ), Sans-serif; font-weight: var( --e-global-typography-text-font-weight );\">. Dosp\u011bl\u00e9 \u017eelvy nech\u00e1me sp\u00e1t celou zimu dle venkovn\u00edch teplot se p\u0159esouvaj\u00ed do venkovn\u00ed boudy asi v b\u0159eznu. \u017delvy 3 let\u00e9 zimujeme krat\u0161\u00ed dobu, dle stavu jedince a pravideln\u00e9 kontroly. Prvn\u00ed zimov\u00e1n\u00ed m\u016f\u017ee b\u00fdt i jen 6 t\u00fddn\u016f dle zdravotn\u00edho stavu \u017eelvi\u010dky.<\/span><\/li><\/ul>\t\t\t\t\t\t\t\t<\/div>\n\t\t\t\t<\/div>\n\t\t\t\t\t<\/div>\n\t\t<\/div>\n\t\t\t\t\t<\/div>\n\t\t<\/section>\n\t\t\t\t<section class=\"elementor-section elementor-top-section elementor-element elementor-element-f749511 elementor-section-boxed elementor-section-height-default elementor-section-height-default\" data-id=\"f749511\" data-element_type=\"section\">\n\t\t\t\t\t\t<div class=\"elementor-container elementor-column-gap-default\">\n\t\t\t\t\t<div class=\"elementor-column elementor-col-100 elementor-top-column elementor-element elementor-element-5ebf326\" data-id=\"5ebf326\" data-element_type=\"column\">\n\t\t\t<div class=\"elementor-widget-wrap elementor-element-populated\">\n\t\t\t\t\t\t<div class=\"elementor-element elementor-element-62fdd5a elementor-widget elementor-widget-text-editor\" data-id=\"62fdd5a\" data-element_type=\"widget\" data-widget_type=\"text-editor.default\">\n\t\t\t\t<div class=\"elementor-widget-container\">\n\t\t\t\t\t\t\t\t\t<ul><li><span style=\"background-color: #ddf0c8;\">WINTER PREPARATION FOR TERRARIUM TURTLES<\/span> is not highly recommended because it is a lengthy process and individual for each individual.<br \/>If the turtle loses more than 10% of its weight during the checkweighing, it is necessary to wake up the turtle - winterize.<\/li><li><span style=\"background-color: #ddf0c8;\">WINTERING<\/span>. You must never put a turtle in the winter in the sun !!! The turtle wouldn't have to survive. It is advisable to take the turtle out in the evening, preferably when reporting for the next two to three days overcast or with rain, so that the turtle can acclimatize. <br \/>The same would be true if someone wanted to give the turtle straight <span style=\"background-color: #ddf0c8;\">TO TERRARIA AFTER WINTER<\/span>:<br \/>1.-2. day move the turtle to the porch, where it is around 10 \u00b0 C<br \/>3.-4. day, transfer them to the corridor around 15 \u00b0 C.<br \/>Day 5 put them in the terrarium. But don't shine and don't heat !!! Just give them water.<br \/>On the 6th day, only the light will gradually turn on them<br \/>On the 7th day, you will gradually start to gradually add temperature to them.<br \/>It's exactly the same with feeding. The turtle should be allowed to gradually acclimatize to start its metabolism.<br \/>At this time, you can serve a small amount, such as otherwise not recommended lettuce for watering.<br \/>About 10-14 days after the start of wintering, the turtles in the terrarium could have everything according to the rules, see above. So the UVB is already lit and the temperature under the heat source is 37-45 \u00b0 C and they normally eat the recommended food.<\/li><\/ul>\t\t\t\t\t\t\t\t<\/div>\n\t\t\t\t<\/div>\n\t\t\t\t\t<\/div>\n\t\t<\/div>\n\t\t\t\t\t<\/div>\n\t\t<\/section>\n\t\t\t\t<\/div>\n\t\t<h3>Souvisej\u00edc\u00ed obr\u00e1zky:<\/h3>","protected":false},"excerpt":{"rendered":"<p>ZIMOV\u00c1N\u00cd \u2013 HIBERNACE \u017dELVY VROUBEN\u00c9 \u017dELVU ZIMUJEME, jen kdy\u017e je zdrav\u00e1 (p\u0159ij\u00edmala potravu, m\u011bla pravideln\u00e9 [&hellip;]<\/p>","protected":false},"author":2,"featured_media":0,"parent":2443,"menu_order":0,"comment_status":"closed","ping_status":"closed","template":"","meta":{"ngg_post_thumbnail":0,"footnotes":""},"class_list":["post-2481","page","type-page","status-publish","hentry"],"yoast_head":"<!-- This site is optimized with the Yoast SEO plugin v25.6 - https:\/\/yoast.com\/wordpress\/plugins\/seo\/ -->\n<title>Zimov\u00e1n\u00ed - Bohemia Opus<\/title>\n<meta name=\"robots\" content=\"index, follow, max-snippet:-1, max-image-preview:large, max-video-preview:-1\" \/>\n<link rel=\"canonical\" href=\"https:\/\/bohemiaopus.cz\/en\/zelvy\/zimovani\/\" \/>\n<meta property=\"og:locale\" content=\"en_GB\" \/>\n<meta property=\"og:type\" content=\"article\" \/>\n<meta property=\"og:title\" content=\"Zimov\u00e1n\u00ed - Bohemia Opus\" \/>\n<meta property=\"og:description\" content=\"ZIMOV\u00c1N\u00cd \u2013 HIBERNACE \u017dELVY VROUBEN\u00c9 \u017dELVU ZIMUJEME, jen kdy\u017e je zdrav\u00e1 (p\u0159ij\u00edmala potravu, m\u011bla pravideln\u00e9 [&hellip;]\" \/>\n<meta property=\"og:url\" content=\"https:\/\/bohemiaopus.cz\/en\/zelvy\/zimovani\/\" \/>\n<meta property=\"og:site_name\" content=\"Bohemia Opus\" \/>\n<meta property=\"article:publisher\" content=\"https:\/\/www.facebook.com\/marcela.pobudova\/\" \/>\n<meta property=\"article:modified_time\" content=\"2022-09-14T12:55:06+00:00\" \/>\n<meta name=\"twitter:card\" content=\"summary_large_image\" \/>\n<meta name=\"twitter:label1\" content=\"Estimated reading time\" \/>\n\t<meta name=\"twitter:data1\" content=\"2 minutes\" \/>\n<script type=\"application\/ld+json\" class=\"yoast-schema-graph\">{\"@context\":\"https:\/\/schema.org\",\"@graph\":[{\"@type\":\"WebPage\",\"@id\":\"https:\/\/bohemiaopus.cz\/zelvy\/zimovani\/\",\"url\":\"https:\/\/bohemiaopus.cz\/zelvy\/zimovani\/\",\"name\":\"Zimov\u00e1n\u00ed - Bohemia Opus\",\"isPartOf\":{\"@id\":\"https:\/\/bohemiaopus.cz\/#website\"},\"datePublished\":\"2022-03-08T18:47:51+00:00\",\"dateModified\":\"2022-09-14T12:55:06+00:00\",\"breadcrumb\":{\"@id\":\"https:\/\/bohemiaopus.cz\/zelvy\/zimovani\/#breadcrumb\"},\"inLanguage\":\"en-GB\",\"potentialAction\":[{\"@type\":\"ReadAction\",\"target\":[\"https:\/\/bohemiaopus.cz\/zelvy\/zimovani\/\"]}]},{\"@type\":\"BreadcrumbList\",\"@id\":\"https:\/\/bohemiaopus.cz\/zelvy\/zimovani\/#breadcrumb\",\"itemListElement\":[{\"@type\":\"ListItem\",\"position\":1,\"name\":\"Dom\u016f\",\"item\":\"https:\/\/bohemiaopus.cz\/\"},{\"@type\":\"ListItem\",\"position\":2,\"name\":\"\u017delvy\",\"item\":\"https:\/\/bohemiaopus.cz\/zelvy\/\"},{\"@type\":\"ListItem\",\"position\":3,\"name\":\"Zimov\u00e1n\u00ed\"}]},{\"@type\":\"WebSite\",\"@id\":\"https:\/\/bohemiaopus.cz\/#website\",\"url\":\"https:\/\/bohemiaopus.cz\/\",\"name\":\"CHS Bohemia Opus Bedlington Terrier\",\"description\":\"CHS bedlington teri\u00e9r FCI\",\"potentialAction\":[{\"@type\":\"SearchAction\",\"target\":{\"@type\":\"EntryPoint\",\"urlTemplate\":\"https:\/\/bohemiaopus.cz\/?s={search_term_string}\"},\"query-input\":{\"@type\":\"PropertyValueSpecification\",\"valueRequired\":true,\"valueName\":\"search_term_string\"}}],\"inLanguage\":\"en-GB\"}]}<\/script>\n<!-- \/ Yoast SEO plugin. -->","yoast_head_json":{"title":"Zimov\u00e1n\u00ed - Bohemia Opus","robots":{"index":"index","follow":"follow","max-snippet":"max-snippet:-1","max-image-preview":"max-image-preview:large","max-video-preview":"max-video-preview:-1"},"canonical":"https:\/\/bohemiaopus.cz\/en\/zelvy\/zimovani\/","og_locale":"en_GB","og_type":"article","og_title":"Zimov\u00e1n\u00ed - Bohemia Opus","og_description":"ZIMOV\u00c1N\u00cd \u2013 HIBERNACE \u017dELVY VROUBEN\u00c9 \u017dELVU ZIMUJEME, jen kdy\u017e je zdrav\u00e1 (p\u0159ij\u00edmala potravu, m\u011bla pravideln\u00e9 [&hellip;]","og_url":"https:\/\/bohemiaopus.cz\/en\/zelvy\/zimovani\/","og_site_name":"Bohemia Opus","article_publisher":"https:\/\/www.facebook.com\/marcela.pobudova\/","article_modified_time":"2022-09-14T12:55:06+00:00","twitter_card":"summary_large_image","twitter_misc":{"Estimated reading time":"2 minutes"},"schema":{"@context":"https:\/\/schema.org","@graph":[{"@type":"WebPage","@id":"https:\/\/bohemiaopus.cz\/zelvy\/zimovani\/","url":"https:\/\/bohemiaopus.cz\/zelvy\/zimovani\/","name":"Zimov\u00e1n\u00ed - Bohemia Opus","isPartOf":{"@id":"https:\/\/bohemiaopus.cz\/#website"},"datePublished":"2022-03-08T18:47:51+00:00","dateModified":"2022-09-14T12:55:06+00:00","breadcrumb":{"@id":"https:\/\/bohemiaopus.cz\/zelvy\/zimovani\/#breadcrumb"},"inLanguage":"en-GB","potentialAction":[{"@type":"ReadAction","target":["https:\/\/bohemiaopus.cz\/zelvy\/zimovani\/"]}]},{"@type":"BreadcrumbList","@id":"https:\/\/bohemiaopus.cz\/zelvy\/zimovani\/#breadcrumb","itemListElement":[{"@type":"ListItem","position":1,"name":"Dom\u016f","item":"https:\/\/bohemiaopus.cz\/"},{"@type":"ListItem","position":2,"name":"\u017delvy","item":"https:\/\/bohemiaopus.cz\/zelvy\/"},{"@type":"ListItem","position":3,"name":"Zimov\u00e1n\u00ed"}]},{"@type":"WebSite","@id":"https:\/\/bohemiaopus.cz\/#website","url":"https:\/\/bohemiaopus.cz\/","name":"CHS Bohemia Opus Bedlington Terrier","description":"Bedlington Terrier kennel FCI","potentialAction":[{"@type":"SearchAction","target":{"@type":"EntryPoint","urlTemplate":"https:\/\/bohemiaopus.cz\/?s={search_term_string}"},"query-input":{"@type":"PropertyValueSpecification","valueRequired":true,"valueName":"search_term_string"}}],"inLanguage":"en-GB"}]}},"_links":{"self":[{"href":"https:\/\/bohemiaopus.cz\/en\/wp-json\/wp\/v2\/pages\/2481","targetHints":{"allow":["GET"]}}],"collection":[{"href":"https:\/\/bohemiaopus.cz\/en\/wp-json\/wp\/v2\/pages"}],"about":[{"href":"https:\/\/bohemiaopus.cz\/en\/wp-json\/wp\/v2\/types\/page"}],"author":[{"embeddable":true,"href":"https:\/\/bohemiaopus.cz\/en\/wp-json\/wp\/v2\/users\/2"}],"replies":[{"embeddable":true,"href":"https:\/\/bohemiaopus.cz\/en\/wp-json\/wp\/v2\/comments?post=2481"}],"version-history":[{"count":0,"href":"https:\/\/bohemiaopus.cz\/en\/wp-json\/wp\/v2\/pages\/2481\/revisions"}],"up":[{"embeddable":true,"href":"https:\/\/bohemiaopus.cz\/en\/wp-json\/wp\/v2\/pages\/2443"}],"wp:attachment":[{"href":"https:\/\/bohemiaopus.cz\/en\/wp-json\/wp\/v2\/media?parent=2481"}],"curies":[{"name":"wp","href":"https:\/\/api.w.org\/{rel}","templated":true}]}}