{"id":2613,"date":"2022-03-27T10:46:43","date_gmt":"2022-03-27T10:46:43","guid":{"rendered":"https:\/\/bohemiaopus.cz\/?page_id=2613"},"modified":"2022-03-27T10:50:53","modified_gmt":"2022-03-27T10:50:53","slug":"prevoz","status":"publish","type":"page","link":"https:\/\/bohemiaopus.cz\/en\/zelvy\/prevoz\/","title":{"rendered":"Transport"},"content":{"rendered":"<div data-elementor-type=\"wp-page\" data-elementor-id=\"2613\" class=\"elementor elementor-2613\">\n\t\t\t\t\t\t<section class=\"elementor-section elementor-top-section elementor-element elementor-element-6eb164d elementor-section-boxed elementor-section-height-default elementor-section-height-default\" data-id=\"6eb164d\" data-element_type=\"section\">\n\t\t\t\t\t\t<div class=\"elementor-container elementor-column-gap-default\">\n\t\t\t\t\t<div class=\"elementor-column elementor-col-100 elementor-top-column elementor-element elementor-element-8412f47\" data-id=\"8412f47\" data-element_type=\"column\">\n\t\t\t<div class=\"elementor-widget-wrap elementor-element-populated\">\n\t\t\t\t\t\t<div class=\"elementor-element elementor-element-ee7c490 elementor-widget elementor-widget-heading\" data-id=\"ee7c490\" data-element_type=\"widget\" data-widget_type=\"heading.default\">\n\t\t\t\t<div class=\"elementor-widget-container\">\n\t\t\t\t\t<h2 class=\"elementor-heading-title elementor-size-medium\">Transport the turtle home\n\n<\/h2>\t\t\t\t<\/div>\n\t\t\t\t<\/div>\n\t\t\t\t\t<\/div>\n\t\t<\/div>\n\t\t\t\t\t<\/div>\n\t\t<\/section>\n\t\t\t\t<section class=\"elementor-section elementor-top-section elementor-element elementor-element-4efb427 elementor-section-boxed elementor-section-height-default elementor-section-height-default\" data-id=\"4efb427\" data-element_type=\"section\">\n\t\t\t\t\t\t<div class=\"elementor-container elementor-column-gap-default\">\n\t\t\t\t\t<div class=\"elementor-column elementor-col-100 elementor-top-column elementor-element elementor-element-bbf244d\" data-id=\"bbf244d\" data-element_type=\"column\">\n\t\t\t<div class=\"elementor-widget-wrap elementor-element-populated\">\n\t\t\t\t\t\t<div class=\"elementor-element elementor-element-4771296 elementor-widget elementor-widget-text-editor\" data-id=\"4771296\" data-element_type=\"widget\" data-widget_type=\"text-editor.default\">\n\t\t\t\t<div class=\"elementor-widget-container\">\n\t\t\t\t\t\t\t\t\t<ul><li><span lang=\"PL\">To transport the turtle to a new home, a shoe box lined with hay, straw or fresh grass is enough, and in winter a thermobox or a bottle with warm water is definitely needed to maintain an acceptable temperature.<\/span><\/li><li><span lang=\"PL\">Upon arrival in her new home, leave her the light off. Daylight - turn on the fluorescent lamp in about two hours and turn on the heating lamp in another hour. If you bring the turtle in the evening, do not turn on any light.\u00a0<\/span><\/li><li><span lang=\"PL\">It can take her 14 days or more to adapt to the new environment.<\/span><\/li><li><span lang=\"PL\">The turtle is more or less for watching and observing. Don't take her hand unnecessarily. \u00a0\u00a0\u00a0\u00a0\u00a0\u00a0\u00a0\u00a0\u00a0\u00a0\u00a0\u00a0\u00a0\u00a0\u00a0\u00a0\u00a0\u00a0\u00a0\u00a0\u00a0\u00a0\u00a0\u00a0\u00a0\u00a0\u00a0\u00a0\u00a0<\/span><\/li><li><span lang=\"PL\">Never let her walk on the cold pavement or where there is a draft!<\/span><\/li><\/ul>\t\t\t\t\t\t\t\t<\/div>\n\t\t\t\t<\/div>\n\t\t\t\t\t<\/div>\n\t\t<\/div>\n\t\t\t\t\t<\/div>\n\t\t<\/section>\n\t\t\t\t<\/div>\n\t\t<h3>Souvisej\u00edc\u00ed obr\u00e1zky:<\/h3>","protected":false},"excerpt":{"rendered":"<p>P\u0159evoz \u017eelvy dom\u016f Pro p\u0159evoz \u017eelvy do nov\u00e9ho domova sta\u010d\u00ed krabi\u010dka od bot vystlan\u00e1 senem, [&hellip;]<\/p>","protected":false},"author":2,"featured_media":0,"parent":2443,"menu_order":0,"comment_status":"closed","ping_status":"closed","template":"","meta":{"ngg_post_thumbnail":0,"footnotes":""},"class_list":["post-2613","page","type-page","status-publish","hentry"],"yoast_head":"<!-- This site is optimized with the Yoast SEO plugin v25.6 - https:\/\/yoast.com\/wordpress\/plugins\/seo\/ -->\n<title>P\u0159evoz - Bohemia Opus<\/title>\n<meta name=\"robots\" content=\"index, follow, max-snippet:-1, max-image-preview:large, max-video-preview:-1\" \/>\n<link rel=\"canonical\" href=\"https:\/\/bohemiaopus.cz\/en\/zelvy\/prevoz\/\" \/>\n<meta property=\"og:locale\" content=\"en_GB\" \/>\n<meta property=\"og:type\" content=\"article\" \/>\n<meta property=\"og:title\" content=\"P\u0159evoz - Bohemia Opus\" \/>\n<meta property=\"og:description\" content=\"P\u0159evoz \u017eelvy dom\u016f Pro p\u0159evoz \u017eelvy do nov\u00e9ho domova sta\u010d\u00ed krabi\u010dka od bot vystlan\u00e1 senem, [&hellip;]\" \/>\n<meta property=\"og:url\" content=\"https:\/\/bohemiaopus.cz\/en\/zelvy\/prevoz\/\" \/>\n<meta property=\"og:site_name\" content=\"Bohemia Opus\" \/>\n<meta property=\"article:publisher\" content=\"https:\/\/www.facebook.com\/marcela.pobudova\/\" \/>\n<meta property=\"article:modified_time\" content=\"2022-03-27T10:50:53+00:00\" \/>\n<meta name=\"twitter:card\" content=\"summary_large_image\" \/>\n<meta name=\"twitter:label1\" content=\"Estimated reading time\" \/>\n\t<meta name=\"twitter:data1\" content=\"1 minute\" \/>\n<script type=\"application\/ld+json\" class=\"yoast-schema-graph\">{\"@context\":\"https:\/\/schema.org\",\"@graph\":[{\"@type\":\"WebPage\",\"@id\":\"https:\/\/bohemiaopus.cz\/zelvy\/prevoz\/\",\"url\":\"https:\/\/bohemiaopus.cz\/zelvy\/prevoz\/\",\"name\":\"P\u0159evoz - Bohemia Opus\",\"isPartOf\":{\"@id\":\"https:\/\/bohemiaopus.cz\/#website\"},\"datePublished\":\"2022-03-27T10:46:43+00:00\",\"dateModified\":\"2022-03-27T10:50:53+00:00\",\"breadcrumb\":{\"@id\":\"https:\/\/bohemiaopus.cz\/zelvy\/prevoz\/#breadcrumb\"},\"inLanguage\":\"en-GB\",\"potentialAction\":[{\"@type\":\"ReadAction\",\"target\":[\"https:\/\/bohemiaopus.cz\/zelvy\/prevoz\/\"]}]},{\"@type\":\"BreadcrumbList\",\"@id\":\"https:\/\/bohemiaopus.cz\/zelvy\/prevoz\/#breadcrumb\",\"itemListElement\":[{\"@type\":\"ListItem\",\"position\":1,\"name\":\"Dom\u016f\",\"item\":\"https:\/\/bohemiaopus.cz\/\"},{\"@type\":\"ListItem\",\"position\":2,\"name\":\"\u017delvy\",\"item\":\"https:\/\/bohemiaopus.cz\/zelvy\/\"},{\"@type\":\"ListItem\",\"position\":3,\"name\":\"P\u0159evoz\"}]},{\"@type\":\"WebSite\",\"@id\":\"https:\/\/bohemiaopus.cz\/#website\",\"url\":\"https:\/\/bohemiaopus.cz\/\",\"name\":\"CHS Bohemia Opus Bedlington Terrier\",\"description\":\"CHS bedlington teri\u00e9r FCI\",\"potentialAction\":[{\"@type\":\"SearchAction\",\"target\":{\"@type\":\"EntryPoint\",\"urlTemplate\":\"https:\/\/bohemiaopus.cz\/?s={search_term_string}\"},\"query-input\":{\"@type\":\"PropertyValueSpecification\",\"valueRequired\":true,\"valueName\":\"search_term_string\"}}],\"inLanguage\":\"en-GB\"}]}<\/script>\n<!-- \/ Yoast SEO plugin. -->","yoast_head_json":{"title":"P\u0159evoz - Bohemia Opus","robots":{"index":"index","follow":"follow","max-snippet":"max-snippet:-1","max-image-preview":"max-image-preview:large","max-video-preview":"max-video-preview:-1"},"canonical":"https:\/\/bohemiaopus.cz\/en\/zelvy\/prevoz\/","og_locale":"en_GB","og_type":"article","og_title":"P\u0159evoz - Bohemia Opus","og_description":"P\u0159evoz \u017eelvy dom\u016f Pro p\u0159evoz \u017eelvy do nov\u00e9ho domova sta\u010d\u00ed krabi\u010dka od bot vystlan\u00e1 senem, [&hellip;]","og_url":"https:\/\/bohemiaopus.cz\/en\/zelvy\/prevoz\/","og_site_name":"Bohemia Opus","article_publisher":"https:\/\/www.facebook.com\/marcela.pobudova\/","article_modified_time":"2022-03-27T10:50:53+00:00","twitter_card":"summary_large_image","twitter_misc":{"Estimated reading time":"1 minute"},"schema":{"@context":"https:\/\/schema.org","@graph":[{"@type":"WebPage","@id":"https:\/\/bohemiaopus.cz\/zelvy\/prevoz\/","url":"https:\/\/bohemiaopus.cz\/zelvy\/prevoz\/","name":"P\u0159evoz - Bohemia Opus","isPartOf":{"@id":"https:\/\/bohemiaopus.cz\/#website"},"datePublished":"2022-03-27T10:46:43+00:00","dateModified":"2022-03-27T10:50:53+00:00","breadcrumb":{"@id":"https:\/\/bohemiaopus.cz\/zelvy\/prevoz\/#breadcrumb"},"inLanguage":"en-GB","potentialAction":[{"@type":"ReadAction","target":["https:\/\/bohemiaopus.cz\/zelvy\/prevoz\/"]}]},{"@type":"BreadcrumbList","@id":"https:\/\/bohemiaopus.cz\/zelvy\/prevoz\/#breadcrumb","itemListElement":[{"@type":"ListItem","position":1,"name":"Dom\u016f","item":"https:\/\/bohemiaopus.cz\/"},{"@type":"ListItem","position":2,"name":"\u017delvy","item":"https:\/\/bohemiaopus.cz\/zelvy\/"},{"@type":"ListItem","position":3,"name":"P\u0159evoz"}]},{"@type":"WebSite","@id":"https:\/\/bohemiaopus.cz\/#website","url":"https:\/\/bohemiaopus.cz\/","name":"CHS Bohemia Opus Bedlington Terrier","description":"Bedlington Terrier kennel FCI","potentialAction":[{"@type":"SearchAction","target":{"@type":"EntryPoint","urlTemplate":"https:\/\/bohemiaopus.cz\/?s={search_term_string}"},"query-input":{"@type":"PropertyValueSpecification","valueRequired":true,"valueName":"search_term_string"}}],"inLanguage":"en-GB"}]}},"_links":{"self":[{"href":"https:\/\/bohemiaopus.cz\/en\/wp-json\/wp\/v2\/pages\/2613","targetHints":{"allow":["GET"]}}],"collection":[{"href":"https:\/\/bohemiaopus.cz\/en\/wp-json\/wp\/v2\/pages"}],"about":[{"href":"https:\/\/bohemiaopus.cz\/en\/wp-json\/wp\/v2\/types\/page"}],"author":[{"embeddable":true,"href":"https:\/\/bohemiaopus.cz\/en\/wp-json\/wp\/v2\/users\/2"}],"replies":[{"embeddable":true,"href":"https:\/\/bohemiaopus.cz\/en\/wp-json\/wp\/v2\/comments?post=2613"}],"version-history":[{"count":0,"href":"https:\/\/bohemiaopus.cz\/en\/wp-json\/wp\/v2\/pages\/2613\/revisions"}],"up":[{"embeddable":true,"href":"https:\/\/bohemiaopus.cz\/en\/wp-json\/wp\/v2\/pages\/2443"}],"wp:attachment":[{"href":"https:\/\/bohemiaopus.cz\/en\/wp-json\/wp\/v2\/media?parent=2613"}],"curies":[{"name":"wp","href":"https:\/\/api.w.org\/{rel}","templated":true}]}}