{"id":826,"date":"2021-03-13T14:09:06","date_gmt":"2021-03-13T14:09:06","guid":{"rendered":"https:\/\/bohemiaopus.cz\/?page_id=826"},"modified":"2024-04-05T18:50:36","modified_gmt":"2024-04-05T18:50:36","slug":"826-2","status":"publish","type":"page","link":"https:\/\/bohemiaopus.cz\/en\/826-2\/","title":{"rendered":"Videos"},"content":{"rendered":"<div data-elementor-type=\"wp-page\" data-elementor-id=\"826\" class=\"elementor elementor-826\">\n\t\t\t\t\t\t<section class=\"elementor-section elementor-top-section elementor-element elementor-element-fffe3d5 elementor-section-boxed elementor-section-height-default elementor-section-height-default\" data-id=\"fffe3d5\" data-element_type=\"section\">\n\t\t\t\t\t\t<div class=\"elementor-container elementor-column-gap-default\">\n\t\t\t\t\t<div class=\"elementor-column elementor-col-100 elementor-top-column elementor-element elementor-element-822f93d\" data-id=\"822f93d\" data-element_type=\"column\">\n\t\t\t<div class=\"elementor-widget-wrap elementor-element-populated\">\n\t\t\t\t\t\t<div class=\"elementor-element elementor-element-0d28c6e elementor-widget elementor-widget-video\" data-id=\"0d28c6e\" data-element_type=\"widget\" data-settings=\"{&quot;video_type&quot;:&quot;hosted&quot;,&quot;controls&quot;:&quot;yes&quot;}\" data-widget_type=\"video.default\">\n\t\t\t\t<div class=\"elementor-widget-container\">\n\t\t\t\t\t\t\t<div class=\"e-hosted-video elementor-wrapper elementor-open-inline\">\n\t\t\t\t\t<video class=\"elementor-video\" src=\"https:\/\/bohemiaopus.cz\/wp-content\/uploads\/2024\/01\/IMG_0107.mov\" controls=\"\" preload=\"metadata\" controlslist=\"nodownload\"><\/video>\n\t\t\t\t<\/div>\n\t\t\t\t\t\t<\/div>\n\t\t\t\t<\/div>\n\t\t\t\t\t<\/div>\n\t\t<\/div>\n\t\t\t\t\t<\/div>\n\t\t<\/section>\n\t\t\t\t<section class=\"elementor-section elementor-top-section elementor-element elementor-element-875a37e elementor-section-boxed elementor-section-height-default elementor-section-height-default\" data-id=\"875a37e\" data-element_type=\"section\">\n\t\t\t\t\t\t<div class=\"elementor-container elementor-column-gap-default\">\n\t\t\t\t\t<div class=\"elementor-column elementor-col-100 elementor-top-column elementor-element elementor-element-3433550\" data-id=\"3433550\" data-element_type=\"column\">\n\t\t\t<div class=\"elementor-widget-wrap elementor-element-populated\">\n\t\t\t\t\t\t<div class=\"elementor-element elementor-element-9e7b7c6 elementor-widget elementor-widget-video\" data-id=\"9e7b7c6\" data-element_type=\"widget\" data-settings=\"{&quot;video_type&quot;:&quot;hosted&quot;,&quot;controls&quot;:&quot;yes&quot;}\" data-widget_type=\"video.default\">\n\t\t\t\t<div class=\"elementor-widget-container\">\n\t\t\t\t\t\t\t<div class=\"e-hosted-video elementor-wrapper elementor-open-inline\">\n\t\t\t\t\t<video class=\"elementor-video\" src=\"https:\/\/bohemiaopus.cz\/wp-content\/uploads\/2024\/01\/IMG_9351.mov\" controls=\"\" preload=\"metadata\" controlslist=\"nodownload\"><\/video>\n\t\t\t\t<\/div>\n\t\t\t\t\t\t<\/div>\n\t\t\t\t<\/div>\n\t\t\t\t\t<\/div>\n\t\t<\/div>\n\t\t\t\t\t<\/div>\n\t\t<\/section>\n\t\t\t\t<section class=\"elementor-section elementor-top-section elementor-element elementor-element-32d5dd9 elementor-section-boxed elementor-section-height-default elementor-section-height-default\" data-id=\"32d5dd9\" data-element_type=\"section\">\n\t\t\t\t\t\t<div class=\"elementor-container elementor-column-gap-default\">\n\t\t\t\t\t<div class=\"elementor-column elementor-col-100 elementor-top-column elementor-element elementor-element-de3b393\" data-id=\"de3b393\" data-element_type=\"column\">\n\t\t\t<div class=\"elementor-widget-wrap elementor-element-populated\">\n\t\t\t\t\t\t<div class=\"elementor-element elementor-element-48dc994 elementor-widget elementor-widget-video\" data-id=\"48dc994\" data-element_type=\"widget\" data-settings=\"{&quot;video_type&quot;:&quot;hosted&quot;,&quot;controls&quot;:&quot;yes&quot;}\" data-widget_type=\"video.default\">\n\t\t\t\t<div class=\"elementor-widget-container\">\n\t\t\t\t\t\t\t<div class=\"e-hosted-video elementor-wrapper elementor-open-inline\">\n\t\t\t\t\t<video class=\"elementor-video\" src=\"https:\/\/bohemiaopus.cz\/wp-content\/uploads\/2024\/01\/FullSizeRender.mov\" controls=\"\" preload=\"metadata\" controlslist=\"nodownload\"><\/video>\n\t\t\t\t<\/div>\n\t\t\t\t\t\t<\/div>\n\t\t\t\t<\/div>\n\t\t\t\t\t<\/div>\n\t\t<\/div>\n\t\t\t\t\t<\/div>\n\t\t<\/section>\n\t\t\t\t<section class=\"elementor-section elementor-top-section elementor-element elementor-element-e5ea910 elementor-section-boxed elementor-section-height-default elementor-section-height-default\" data-id=\"e5ea910\" data-element_type=\"section\">\n\t\t\t\t\t\t<div class=\"elementor-container elementor-column-gap-default\">\n\t\t\t\t\t<div class=\"elementor-column elementor-col-100 elementor-top-column elementor-element elementor-element-7636979\" data-id=\"7636979\" data-element_type=\"column\">\n\t\t\t<div class=\"elementor-widget-wrap elementor-element-populated\">\n\t\t\t\t\t\t<div class=\"elementor-element elementor-element-7a0cdbd elementor-widget elementor-widget-video\" data-id=\"7a0cdbd\" data-element_type=\"widget\" data-settings=\"{&quot;video_type&quot;:&quot;hosted&quot;,&quot;controls&quot;:&quot;yes&quot;}\" data-widget_type=\"video.default\">\n\t\t\t\t<div class=\"elementor-widget-container\">\n\t\t\t\t\t\t\t<div class=\"e-hosted-video elementor-wrapper elementor-open-inline\">\n\t\t\t\t\t<video class=\"elementor-video\" src=\"https:\/\/bohemiaopus.cz\/wp-content\/uploads\/2022\/09\/Tomca-se-mazli.mov\" controls=\"\" preload=\"metadata\" controlslist=\"nodownload\"><\/video>\n\t\t\t\t<\/div>\n\t\t\t\t\t\t<\/div>\n\t\t\t\t<\/div>\n\t\t\t\t\t<\/div>\n\t\t<\/div>\n\t\t\t\t\t<\/div>\n\t\t<\/section>\n\t\t\t\t<\/div>\n\t\t<h3>Souvisej\u00edc\u00ed obr\u00e1zky:<\/h3>","protected":false},"excerpt":{"rendered":"<p>https:\/\/bohemiaopus.cz\/wp-content\/uploads\/2024\/01\/IMG_0107.movhttps:\/\/bohemiaopus.cz\/wp-content\/uploads\/2024\/01\/IMG_9351.movhttps:\/\/bohemiaopus.cz\/wp-content\/uploads\/2024\/01\/FullSizeRender.movhttps:\/\/bohemiaopus.cz\/wp-content\/uploads\/2022\/09\/Tomca-se-mazli.mov Souvisej\u00edc\u00ed obr\u00e1zky:<\/p>","protected":false},"author":1,"featured_media":0,"parent":0,"menu_order":0,"comment_status":"closed","ping_status":"closed","template":"","meta":{"ngg_post_thumbnail":0,"footnotes":""},"class_list":["post-826","page","type-page","status-publish","hentry"],"yoast_head":"<!-- This site is optimized with the Yoast SEO plugin v25.6 - https:\/\/yoast.com\/wordpress\/plugins\/seo\/ -->\n<title>Videos - Bohemia Opus<\/title>\n<meta name=\"robots\" content=\"index, follow, max-snippet:-1, max-image-preview:large, max-video-preview:-1\" \/>\n<link rel=\"canonical\" href=\"https:\/\/bohemiaopus.cz\/en\/826-2\/\" \/>\n<meta property=\"og:locale\" content=\"en_GB\" \/>\n<meta property=\"og:type\" content=\"article\" \/>\n<meta property=\"og:title\" content=\"Videos - Bohemia Opus\" \/>\n<meta property=\"og:description\" content=\"https:\/\/bohemiaopus.cz\/wp-content\/uploads\/2024\/01\/IMG_0107.movhttps:\/\/bohemiaopus.cz\/wp-content\/uploads\/2024\/01\/IMG_9351.movhttps:\/\/bohemiaopus.cz\/wp-content\/uploads\/2024\/01\/FullSizeRender.movhttps:\/\/bohemiaopus.cz\/wp-content\/uploads\/2022\/09\/Tomca-se-mazli.mov Souvisej\u00edc\u00ed obr\u00e1zky:\" \/>\n<meta property=\"og:url\" content=\"https:\/\/bohemiaopus.cz\/en\/826-2\/\" \/>\n<meta property=\"og:site_name\" content=\"Bohemia Opus\" \/>\n<meta property=\"article:publisher\" content=\"https:\/\/www.facebook.com\/marcela.pobudova\/\" \/>\n<meta property=\"article:modified_time\" content=\"2024-04-05T18:50:36+00:00\" \/>\n<meta name=\"twitter:card\" content=\"summary_large_image\" \/>\n<script type=\"application\/ld+json\" class=\"yoast-schema-graph\">{\"@context\":\"https:\/\/schema.org\",\"@graph\":[{\"@type\":\"WebPage\",\"@id\":\"https:\/\/bohemiaopus.cz\/826-2\/\",\"url\":\"https:\/\/bohemiaopus.cz\/826-2\/\",\"name\":\"Videos - Bohemia Opus\",\"isPartOf\":{\"@id\":\"https:\/\/bohemiaopus.cz\/#website\"},\"datePublished\":\"2021-03-13T14:09:06+00:00\",\"dateModified\":\"2024-04-05T18:50:36+00:00\",\"breadcrumb\":{\"@id\":\"https:\/\/bohemiaopus.cz\/826-2\/#breadcrumb\"},\"inLanguage\":\"en-GB\",\"potentialAction\":[{\"@type\":\"ReadAction\",\"target\":[\"https:\/\/bohemiaopus.cz\/826-2\/\"]}]},{\"@type\":\"BreadcrumbList\",\"@id\":\"https:\/\/bohemiaopus.cz\/826-2\/#breadcrumb\",\"itemListElement\":[{\"@type\":\"ListItem\",\"position\":1,\"name\":\"Dom\u016f\",\"item\":\"https:\/\/bohemiaopus.cz\/\"},{\"@type\":\"ListItem\",\"position\":2,\"name\":\"Videos\"}]},{\"@type\":\"WebSite\",\"@id\":\"https:\/\/bohemiaopus.cz\/#website\",\"url\":\"https:\/\/bohemiaopus.cz\/\",\"name\":\"CHS Bohemia Opus Bedlington Terrier\",\"description\":\"CHS bedlington teri\u00e9r FCI\",\"potentialAction\":[{\"@type\":\"SearchAction\",\"target\":{\"@type\":\"EntryPoint\",\"urlTemplate\":\"https:\/\/bohemiaopus.cz\/?s={search_term_string}\"},\"query-input\":{\"@type\":\"PropertyValueSpecification\",\"valueRequired\":true,\"valueName\":\"search_term_string\"}}],\"inLanguage\":\"en-GB\"}]}<\/script>\n<!-- \/ Yoast SEO plugin. -->","yoast_head_json":{"title":"Videos - Bohemia Opus","robots":{"index":"index","follow":"follow","max-snippet":"max-snippet:-1","max-image-preview":"max-image-preview:large","max-video-preview":"max-video-preview:-1"},"canonical":"https:\/\/bohemiaopus.cz\/en\/826-2\/","og_locale":"en_GB","og_type":"article","og_title":"Videos - Bohemia Opus","og_description":"https:\/\/bohemiaopus.cz\/wp-content\/uploads\/2024\/01\/IMG_0107.movhttps:\/\/bohemiaopus.cz\/wp-content\/uploads\/2024\/01\/IMG_9351.movhttps:\/\/bohemiaopus.cz\/wp-content\/uploads\/2024\/01\/FullSizeRender.movhttps:\/\/bohemiaopus.cz\/wp-content\/uploads\/2022\/09\/Tomca-se-mazli.mov Souvisej\u00edc\u00ed obr\u00e1zky:","og_url":"https:\/\/bohemiaopus.cz\/en\/826-2\/","og_site_name":"Bohemia Opus","article_publisher":"https:\/\/www.facebook.com\/marcela.pobudova\/","article_modified_time":"2024-04-05T18:50:36+00:00","twitter_card":"summary_large_image","schema":{"@context":"https:\/\/schema.org","@graph":[{"@type":"WebPage","@id":"https:\/\/bohemiaopus.cz\/826-2\/","url":"https:\/\/bohemiaopus.cz\/826-2\/","name":"Videos - Bohemia Opus","isPartOf":{"@id":"https:\/\/bohemiaopus.cz\/#website"},"datePublished":"2021-03-13T14:09:06+00:00","dateModified":"2024-04-05T18:50:36+00:00","breadcrumb":{"@id":"https:\/\/bohemiaopus.cz\/826-2\/#breadcrumb"},"inLanguage":"en-GB","potentialAction":[{"@type":"ReadAction","target":["https:\/\/bohemiaopus.cz\/826-2\/"]}]},{"@type":"BreadcrumbList","@id":"https:\/\/bohemiaopus.cz\/826-2\/#breadcrumb","itemListElement":[{"@type":"ListItem","position":1,"name":"Dom\u016f","item":"https:\/\/bohemiaopus.cz\/"},{"@type":"ListItem","position":2,"name":"Videos"}]},{"@type":"WebSite","@id":"https:\/\/bohemiaopus.cz\/#website","url":"https:\/\/bohemiaopus.cz\/","name":"CHS Bohemia Opus Bedlington Terrier","description":"Bedlington Terrier kennel FCI","potentialAction":[{"@type":"SearchAction","target":{"@type":"EntryPoint","urlTemplate":"https:\/\/bohemiaopus.cz\/?s={search_term_string}"},"query-input":{"@type":"PropertyValueSpecification","valueRequired":true,"valueName":"search_term_string"}}],"inLanguage":"en-GB"}]}},"_links":{"self":[{"href":"https:\/\/bohemiaopus.cz\/en\/wp-json\/wp\/v2\/pages\/826","targetHints":{"allow":["GET"]}}],"collection":[{"href":"https:\/\/bohemiaopus.cz\/en\/wp-json\/wp\/v2\/pages"}],"about":[{"href":"https:\/\/bohemiaopus.cz\/en\/wp-json\/wp\/v2\/types\/page"}],"author":[{"embeddable":true,"href":"https:\/\/bohemiaopus.cz\/en\/wp-json\/wp\/v2\/users\/1"}],"replies":[{"embeddable":true,"href":"https:\/\/bohemiaopus.cz\/en\/wp-json\/wp\/v2\/comments?post=826"}],"version-history":[{"count":0,"href":"https:\/\/bohemiaopus.cz\/en\/wp-json\/wp\/v2\/pages\/826\/revisions"}],"wp:attachment":[{"href":"https:\/\/bohemiaopus.cz\/en\/wp-json\/wp\/v2\/media?parent=826"}],"curies":[{"name":"wp","href":"https:\/\/api.w.org\/{rel}","templated":true}]}}